{"id":1402,"date":"2023-06-08T08:15:42","date_gmt":"2023-06-08T08:15:42","guid":{"rendered":"https:\/\/capsulehouseworks.com\/?post_type=product&#038;p=1402"},"modified":"2023-06-08T09:04:35","modified_gmt":"2023-06-08T09:04:35","slug":"sandwich-paper-box","status":"publish","type":"product","link":"https:\/\/capsulehouseworks.com\/fr\/manufacturer\/boite-en-papier-pour-sandwich\/","title":{"rendered":"Bo\u00eete en papier pour sandwich | Bo\u00eete en papier personnalis\u00e9e pour sandwich"},"content":{"rendered":"<ul class=\"a-unordered-list a-vertical a-spacing-mini\">\n<li><span class=\"a-list-item\"><strong>\ud83e\udd6a QUANTIT\u00c9 :<\/strong> 50 bo\u00eetes \u00e0 sandwich jetables avec fen\u00eatres transparentes d'aspect professionnel, parfaites pour pr\u00e9senter les sandwichs en boulangerie.<\/span><\/li>\n<li><span class=\"a-list-item\"><strong>\ud83e\udd6a MATERIAL :<\/strong> papier\/carton, papier kraft de qualit\u00e9 alimentaire, la fen\u00eatre transparente est fabriqu\u00e9e en PET, un mat\u00e9riau respectueux de l'environnement.<\/span><\/li>\n<li><span class=\"a-list-item\"><strong>\ud83e\udd6a ASSEMBLAGE :<\/strong> N\u00e9cessite d'\u00eatre assembl\u00e9 \u00e0 la main, facile \u00e0 emballer, convient parfaitement aux boulangeries, aux bo\u00eetes \u00e0 lunch des \u00e9coles.<\/span><\/li>\n<li><span class=\"a-list-item\"><strong>\ud83e\udd6a DESIGN :<\/strong> Le dessin est imprim\u00e9 sur du papier kraft brun, simple et unique, sans motifs compliqu\u00e9s.<\/span><\/li>\n<li><span class=\"a-list-item\"><strong>\ud83e\udd6a DIMENSIONS :<\/strong> Les dimensions assembl\u00e9es de chaque bo\u00eete \u00e0 sandwich sont les suivantes : longueur 6,7 pouces \/ 17 cm, hauteur 4,72 pouces \/ 12 cm, largeur 2,95 pouces \/ 7,5 cm.<\/span><\/li>\n<\/ul>","protected":false},"excerpt":{"rendered":"<p>Service professionnel de fabrication d'Ebike OEM\/ODM :<\/p>\n<ol>\n<li>Conception<\/li>\n<li>\u00c9chantillonnage<\/li>\n<li>Production<\/li>\n<li>Exp\u00e9dition<\/li>\n<\/ol>\n<p>Selon vos conceptions Ebike personnalis\u00e9es ou nos conceptions originales. Conception, tissu et mat\u00e9riau des poteaux, couleur, taille, poids, logo imprim\u00e9 et emballage enti\u00e8rement personnalis\u00e9s.<\/p>","protected":false},"featured_media":1385,"template":"","meta":[],"product_brand":[],"product_cat":[15],"product_tag":[],"class_list":{"0":"post-1402","1":"product","2":"type-product","3":"status-publish","4":"has-post-thumbnail","6":"product_cat-paper-box-for-food","8":"first","9":"instock","10":"shipping-taxable","11":"product-type-simple"},"yoast_head":"<!-- This site is optimized with the Yoast SEO plugin v22.8 - https:\/\/yoast.com\/wordpress\/plugins\/seo\/ -->\n<title>Sandwich Paper Box | Custom Paper Box for Sandwich - Capsule House Works<\/title>\n<meta name=\"robots\" content=\"noindex, follow, max-snippet:-1, max-image-preview:large, max-video-preview:-1\" \/>\n<meta property=\"og:locale\" content=\"fr_FR\" \/>\n<meta property=\"og:type\" content=\"article\" \/>\n<meta property=\"og:title\" content=\"Sandwich Paper Box | Custom Paper Box for Sandwich - Capsule House Works\" \/>\n<meta property=\"og:description\" content=\"Professional OEM\/ODM Ebike manufacturing service:   Designing  Sampling  Production  Shipping  According to your personalized Ebike designs, or our original designs. Fully customized design, fabric, and pole material, color, size, weight, printed logo, and packaging.\" \/>\n<meta property=\"og:url\" content=\"https:\/\/capsulehouseworks.com\/fr\/manufacturer\/boite-en-papier-pour-sandwich\/\" \/>\n<meta property=\"og:site_name\" content=\"Capsule House Works\" \/>\n<meta property=\"article:modified_time\" content=\"2023-06-08T09:04:35+00:00\" \/>\n<meta property=\"og:image\" content=\"https:\/\/capsulehouseworks.com\/wp-content\/uploads\/2023\/06\/sandwich-paper-box.webp\" \/>\n\t<meta property=\"og:image:width\" content=\"800\" \/>\n\t<meta property=\"og:image:height\" content=\"800\" \/>\n\t<meta property=\"og:image:type\" content=\"image\/webp\" \/>\n<meta name=\"twitter:card\" content=\"summary_large_image\" \/>\n<script type=\"application\/ld+json\" class=\"yoast-schema-graph\">{\"@context\":\"https:\/\/schema.org\",\"@graph\":[{\"@type\":\"WebPage\",\"@id\":\"https:\/\/capsulehouseworks.com\/manufacturer\/sandwich-paper-box\/\",\"url\":\"https:\/\/capsulehouseworks.com\/manufacturer\/sandwich-paper-box\/\",\"name\":\"Sandwich Paper Box | Custom Paper Box for Sandwich - Capsule House Works\",\"isPartOf\":{\"@id\":\"https:\/\/capsulehouseworks.com\/#website\"},\"primaryImageOfPage\":{\"@id\":\"https:\/\/capsulehouseworks.com\/manufacturer\/sandwich-paper-box\/#primaryimage\"},\"image\":{\"@id\":\"https:\/\/capsulehouseworks.com\/manufacturer\/sandwich-paper-box\/#primaryimage\"},\"thumbnailUrl\":\"https:\/\/capsulehouseworks.com\/wp-content\/uploads\/2023\/06\/sandwich-paper-box.webp\",\"datePublished\":\"2023-06-08T08:15:42+00:00\",\"dateModified\":\"2023-06-08T09:04:35+00:00\",\"breadcrumb\":{\"@id\":\"https:\/\/capsulehouseworks.com\/manufacturer\/sandwich-paper-box\/#breadcrumb\"},\"inLanguage\":\"fr-FR\",\"potentialAction\":[{\"@type\":\"ReadAction\",\"target\":[\"https:\/\/capsulehouseworks.com\/manufacturer\/sandwich-paper-box\/\"]}]},{\"@type\":\"ImageObject\",\"inLanguage\":\"fr-FR\",\"@id\":\"https:\/\/capsulehouseworks.com\/manufacturer\/sandwich-paper-box\/#primaryimage\",\"url\":\"https:\/\/capsulehouseworks.com\/wp-content\/uploads\/2023\/06\/sandwich-paper-box.webp\",\"contentUrl\":\"https:\/\/capsulehouseworks.com\/wp-content\/uploads\/2023\/06\/sandwich-paper-box.webp\",\"width\":800,\"height\":800,\"caption\":\"sandwich paper box\"},{\"@type\":\"BreadcrumbList\",\"@id\":\"https:\/\/capsulehouseworks.com\/manufacturer\/sandwich-paper-box\/#breadcrumb\",\"itemListElement\":[{\"@type\":\"ListItem\",\"position\":1,\"name\":\"Home\",\"item\":\"https:\/\/capsulehouseworks.com\/\"},{\"@type\":\"ListItem\",\"position\":2,\"name\":\"Products\",\"item\":\"https:\/\/capsulehouseworks.com\/shop\/\"},{\"@type\":\"ListItem\",\"position\":3,\"name\":\"Sandwich Paper Box | Custom Paper Box for Sandwich\"}]},{\"@type\":\"WebSite\",\"@id\":\"https:\/\/capsulehouseworks.com\/#website\",\"url\":\"https:\/\/capsulehouseworks.com\/\",\"name\":\"Capsule House Works\",\"description\":\"The Premium Capsule House Manufacturer\",\"potentialAction\":[{\"@type\":\"SearchAction\",\"target\":{\"@type\":\"EntryPoint\",\"urlTemplate\":\"https:\/\/capsulehouseworks.com\/?s={search_term_string}\"},\"query-input\":\"required name=search_term_string\"}],\"inLanguage\":\"fr-FR\"}]}<\/script>\n<!-- \/ Yoast SEO plugin. -->","yoast_head_json":{"title":"Bo\u00eete en papier pour sandwich | Bo\u00eete en papier personnalis\u00e9e pour sandwich - Capsule House Works","robots":{"index":"noindex","follow":"follow","max-snippet":"max-snippet:-1","max-image-preview":"max-image-preview:large","max-video-preview":"max-video-preview:-1"},"og_locale":"fr_FR","og_type":"article","og_title":"Sandwich Paper Box | Custom Paper Box for Sandwich - Capsule House Works","og_description":"Professional OEM\/ODM Ebike manufacturing service:   Designing  Sampling  Production  Shipping  According to your personalized Ebike designs, or our original designs. Fully customized design, fabric, and pole material, color, size, weight, printed logo, and packaging.","og_url":"https:\/\/capsulehouseworks.com\/fr\/manufacturer\/boite-en-papier-pour-sandwich\/","og_site_name":"Capsule House Works","article_modified_time":"2023-06-08T09:04:35+00:00","og_image":[{"width":800,"height":800,"url":"https:\/\/capsulehouseworks.com\/wp-content\/uploads\/2023\/06\/sandwich-paper-box.webp","type":"image\/webp"}],"twitter_card":"summary_large_image","schema":{"@context":"https:\/\/schema.org","@graph":[{"@type":"WebPage","@id":"https:\/\/capsulehouseworks.com\/manufacturer\/sandwich-paper-box\/","url":"https:\/\/capsulehouseworks.com\/manufacturer\/sandwich-paper-box\/","name":"Bo\u00eete en papier pour sandwich | Bo\u00eete en papier personnalis\u00e9e pour sandwich - Capsule House Works","isPartOf":{"@id":"https:\/\/capsulehouseworks.com\/#website"},"primaryImageOfPage":{"@id":"https:\/\/capsulehouseworks.com\/manufacturer\/sandwich-paper-box\/#primaryimage"},"image":{"@id":"https:\/\/capsulehouseworks.com\/manufacturer\/sandwich-paper-box\/#primaryimage"},"thumbnailUrl":"https:\/\/capsulehouseworks.com\/wp-content\/uploads\/2023\/06\/sandwich-paper-box.webp","datePublished":"2023-06-08T08:15:42+00:00","dateModified":"2023-06-08T09:04:35+00:00","breadcrumb":{"@id":"https:\/\/capsulehouseworks.com\/manufacturer\/sandwich-paper-box\/#breadcrumb"},"inLanguage":"fr-FR","potentialAction":[{"@type":"ReadAction","target":["https:\/\/capsulehouseworks.com\/manufacturer\/sandwich-paper-box\/"]}]},{"@type":"ImageObject","inLanguage":"fr-FR","@id":"https:\/\/capsulehouseworks.com\/manufacturer\/sandwich-paper-box\/#primaryimage","url":"https:\/\/capsulehouseworks.com\/wp-content\/uploads\/2023\/06\/sandwich-paper-box.webp","contentUrl":"https:\/\/capsulehouseworks.com\/wp-content\/uploads\/2023\/06\/sandwich-paper-box.webp","width":800,"height":800,"caption":"sandwich paper box"},{"@type":"BreadcrumbList","@id":"https:\/\/capsulehouseworks.com\/manufacturer\/sandwich-paper-box\/#breadcrumb","itemListElement":[{"@type":"ListItem","position":1,"name":"Home","item":"https:\/\/capsulehouseworks.com\/"},{"@type":"ListItem","position":2,"name":"Products","item":"https:\/\/capsulehouseworks.com\/shop\/"},{"@type":"ListItem","position":3,"name":"Sandwich Paper Box | Custom Paper Box for Sandwich"}]},{"@type":"WebSite","@id":"https:\/\/capsulehouseworks.com\/#website","url":"https:\/\/capsulehouseworks.com\/","name":"Travaux de la Maison Capsule","description":"Le fabricant de maisons en capsules haut de gamme","potentialAction":[{"@type":"SearchAction","target":{"@type":"EntryPoint","urlTemplate":"https:\/\/capsulehouseworks.com\/?s={search_term_string}"},"query-input":"required name=search_term_string"}],"inLanguage":"fr-FR"}]}},"_links":{"self":[{"href":"https:\/\/capsulehouseworks.com\/fr\/wp-json\/wp\/v2\/product\/1402","targetHints":{"allow":["GET"]}}],"collection":[{"href":"https:\/\/capsulehouseworks.com\/fr\/wp-json\/wp\/v2\/product"}],"about":[{"href":"https:\/\/capsulehouseworks.com\/fr\/wp-json\/wp\/v2\/types\/product"}],"wp:featuredmedia":[{"embeddable":true,"href":"https:\/\/capsulehouseworks.com\/fr\/wp-json\/wp\/v2\/media\/1385"}],"wp:attachment":[{"href":"https:\/\/capsulehouseworks.com\/fr\/wp-json\/wp\/v2\/media?parent=1402"}],"wp:term":[{"taxonomy":"product_brand","embeddable":true,"href":"https:\/\/capsulehouseworks.com\/fr\/wp-json\/wp\/v2\/product_brand?post=1402"},{"taxonomy":"product_cat","embeddable":true,"href":"https:\/\/capsulehouseworks.com\/fr\/wp-json\/wp\/v2\/product_cat?post=1402"},{"taxonomy":"product_tag","embeddable":true,"href":"https:\/\/capsulehouseworks.com\/fr\/wp-json\/wp\/v2\/product_tag?post=1402"}],"curies":[{"name":"wp","href":"https:\/\/api.w.org\/{rel}","templated":true}]}}