{"id":1397,"date":"2023-06-08T07:51:40","date_gmt":"2023-06-08T07:51:40","guid":{"rendered":"https:\/\/capsulehouseworks.com\/?post_type=product&#038;p=1397"},"modified":"2023-06-08T07:54:06","modified_gmt":"2023-06-08T07:54:06","slug":"paper-box-for-cookies","status":"publish","type":"product","link":"https:\/\/capsulehouseworks.com\/fr\/manufacturer\/boite-en-papier-pour-biscuits\/","title":{"rendered":"Bo\u00eete \u00e0 biscuits en papier | Bo\u00eete \u00e0 biscuits en papier"},"content":{"rendered":"<ul class=\"a-unordered-list a-vertical a-spacing-mini\">\n<li><span class=\"a-list-item\">\ud83c\udf6a<strong>SUPER ENSEMBLE DE VALEURS :<\/strong> Il y a 100 bo\u00eetes \u00e0 biscuits avec fen\u00eatre, la taille de chaque bo\u00eete est de 4\u00d74 x2,5 pouces, ce qui peut r\u00e9pondre \u00e0 vos besoins pour l'emballage de divers desserts. Les bo\u00eetes \u00e0 biscuits sont id\u00e9ales pour les fraises au chocolat, les biscuits, les p\u00e2tisseries, les beignets, les macarons et ainsi de suite.<\/span><\/li>\n<li><span class=\"a-list-item\">\ud83c\udf6a<strong>DE BELLES FEN\u00caTRES :<\/strong> La fen\u00eatre claire et jolie pr\u00e9sentera parfaitement votre dessert bien pr\u00e9par\u00e9, et votre famille ou vos amis seront tr\u00e8s heureux lorsqu'ils recevront ce cadeau ! Les bo\u00eetes \u00e0 p\u00e2tisserie peuvent \u00e9galement \u00eatre utilis\u00e9es pour pr\u00e9senter des produits de boulangerie qui doivent \u00eatre vendus !<\/span><\/li>\n<li><span class=\"a-list-item\">\ud83c\udf6a<strong>FACILE \u00c0 ASSEMBLER :<\/strong> La bo\u00eete \u00e0 biscuits est plate et pr\u00e9-pli\u00e9e pour faciliter l'assemblage. Afin d'obtenir un effet parfait, veuillez la pr\u00e9plier en fonction de l'indentation de la bo\u00eete \u00e0 biscuits. La bo\u00eete \u00e0 biscuits est facile \u00e0 d\u00e9monter et \u00e0 ranger pour une utilisation ult\u00e9rieure.<\/span><\/li>\n<li><span class=\"a-list-item\">\ud83c\udf6a<strong>MAT\u00c9RIAUX ROBUSTES :<\/strong> Ces bo\u00eetes \u00e0 drag\u00e9es sont fabriqu\u00e9es en carton de qualit\u00e9 alimentaire, solide et durable. Les fen\u00eatres sont en PET. L'\u00e9quipe de TOMNK s'engage \u00e0 concevoir pour vous des bo\u00eetes \u00e0 drag\u00e9es uniques et exquises.<\/span><\/li>\n<li><span class=\"a-list-item\">\ud83c\udf6a<strong>LES OCCASIONS APPLICABLES :<\/strong> Ces \u00e9l\u00e9gantes bo\u00eetes \u00e0 biscuits sont parfaites comme cadeaux cr\u00e9atifs pour les invit\u00e9s lors de tout \u00e9v\u00e9nement, f\u00eate d'anniversaire, mariage, vacances, c\u00e9l\u00e9bration d'anniversaire. Elles sont \u00e9galement id\u00e9ales pour les bo\u00eetes \u00e0 biscuits, les bo\u00eetes \u00e0 bonbons, les bo\u00eetes \u00e0 p\u00e2tisserie et les emballages cadeaux, afin que vos clients b\u00e9n\u00e9ficient d'une exp\u00e9rience d'achat parfaite !<\/span><\/li>\n<\/ul>","protected":false},"excerpt":{"rendered":"<p>Num\u00e9ro de mod\u00e8le Y604U<\/p>\n<ol>\n<li>Une nouvelle solution pour les \u00e9tiquettes publicitaires<\/li>\n<li>Une nouvelle m\u00e9thode d'impression qui utilise la technologie de durcissement par ultraviolets pour cr\u00e9er des dessins sur des films.<\/li>\n<li>Enti\u00e8rement applicable au domaine de l'auto-adh\u00e9sif<\/li>\n<li>Impression et pelliculage tout en un - Am\u00e9liorer l'efficacit\u00e9 de la production et r\u00e9duire les co\u00fbts d'intrants<\/li>\n<li>Couleurs vives, anti-d\u00e9coloration<\/li>\n<li>Personnalisation DIY, pas de limite MOQ<\/li>\n<\/ol>","protected":false},"featured_media":1384,"template":"","meta":[],"product_brand":[],"product_cat":[15],"product_tag":[],"class_list":{"0":"post-1397","1":"product","2":"type-product","3":"status-publish","4":"has-post-thumbnail","6":"product_cat-paper-box-for-food","8":"first","9":"instock","10":"shipping-taxable","11":"product-type-simple"},"yoast_head":"<!-- This site is optimized with the Yoast SEO plugin v22.8 - https:\/\/yoast.com\/wordpress\/plugins\/seo\/ -->\n<title>Paper Box for Cookies | Paper Cookie Box - Capsule House Works<\/title>\n<meta name=\"robots\" content=\"noindex, follow, max-snippet:-1, max-image-preview:large, max-video-preview:-1\" \/>\n<meta property=\"og:locale\" content=\"fr_FR\" \/>\n<meta property=\"og:type\" content=\"article\" \/>\n<meta property=\"og:title\" content=\"Paper Box for Cookies | Paper Cookie Box - Capsule House Works\" \/>\n<meta property=\"og:description\" content=\"Model Number Y604U   A new advertising label solution  A new printing method that uses ultraviolet curing technology to create designs on films.  Fully applicable to the field of self-adhesive  Printing and laminating all in one\u2013Improve production efficiency and reduce input costs  Vibrant color, anti-fading  DIY customization, no MOQ limit\" \/>\n<meta property=\"og:url\" content=\"https:\/\/capsulehouseworks.com\/fr\/manufacturer\/boite-en-papier-pour-biscuits\/\" \/>\n<meta property=\"og:site_name\" content=\"Capsule House Works\" \/>\n<meta property=\"article:modified_time\" content=\"2023-06-08T07:54:06+00:00\" \/>\n<meta property=\"og:image\" content=\"https:\/\/capsulehouseworks.com\/wp-content\/uploads\/2023\/06\/paper-box-for-cookies.webp\" \/>\n\t<meta property=\"og:image:width\" content=\"800\" \/>\n\t<meta property=\"og:image:height\" content=\"800\" \/>\n\t<meta property=\"og:image:type\" content=\"image\/webp\" \/>\n<meta name=\"twitter:card\" content=\"summary_large_image\" \/>\n<script type=\"application\/ld+json\" class=\"yoast-schema-graph\">{\"@context\":\"https:\/\/schema.org\",\"@graph\":[{\"@type\":\"WebPage\",\"@id\":\"https:\/\/capsulehouseworks.com\/manufacturer\/paper-box-for-cookies\/\",\"url\":\"https:\/\/capsulehouseworks.com\/manufacturer\/paper-box-for-cookies\/\",\"name\":\"Paper Box for Cookies | Paper Cookie Box - Capsule House Works\",\"isPartOf\":{\"@id\":\"https:\/\/capsulehouseworks.com\/#website\"},\"primaryImageOfPage\":{\"@id\":\"https:\/\/capsulehouseworks.com\/manufacturer\/paper-box-for-cookies\/#primaryimage\"},\"image\":{\"@id\":\"https:\/\/capsulehouseworks.com\/manufacturer\/paper-box-for-cookies\/#primaryimage\"},\"thumbnailUrl\":\"https:\/\/capsulehouseworks.com\/wp-content\/uploads\/2023\/06\/paper-box-for-cookies.webp\",\"datePublished\":\"2023-06-08T07:51:40+00:00\",\"dateModified\":\"2023-06-08T07:54:06+00:00\",\"breadcrumb\":{\"@id\":\"https:\/\/capsulehouseworks.com\/manufacturer\/paper-box-for-cookies\/#breadcrumb\"},\"inLanguage\":\"fr-FR\",\"potentialAction\":[{\"@type\":\"ReadAction\",\"target\":[\"https:\/\/capsulehouseworks.com\/manufacturer\/paper-box-for-cookies\/\"]}]},{\"@type\":\"ImageObject\",\"inLanguage\":\"fr-FR\",\"@id\":\"https:\/\/capsulehouseworks.com\/manufacturer\/paper-box-for-cookies\/#primaryimage\",\"url\":\"https:\/\/capsulehouseworks.com\/wp-content\/uploads\/2023\/06\/paper-box-for-cookies.webp\",\"contentUrl\":\"https:\/\/capsulehouseworks.com\/wp-content\/uploads\/2023\/06\/paper-box-for-cookies.webp\",\"width\":800,\"height\":800,\"caption\":\"paper box for cookies\"},{\"@type\":\"BreadcrumbList\",\"@id\":\"https:\/\/capsulehouseworks.com\/manufacturer\/paper-box-for-cookies\/#breadcrumb\",\"itemListElement\":[{\"@type\":\"ListItem\",\"position\":1,\"name\":\"Home\",\"item\":\"https:\/\/capsulehouseworks.com\/\"},{\"@type\":\"ListItem\",\"position\":2,\"name\":\"Products\",\"item\":\"https:\/\/capsulehouseworks.com\/shop\/\"},{\"@type\":\"ListItem\",\"position\":3,\"name\":\"Paper Box for Cookies | Paper Cookie Box\"}]},{\"@type\":\"WebSite\",\"@id\":\"https:\/\/capsulehouseworks.com\/#website\",\"url\":\"https:\/\/capsulehouseworks.com\/\",\"name\":\"Capsule House Works\",\"description\":\"The Premium Capsule House Manufacturer\",\"potentialAction\":[{\"@type\":\"SearchAction\",\"target\":{\"@type\":\"EntryPoint\",\"urlTemplate\":\"https:\/\/capsulehouseworks.com\/?s={search_term_string}\"},\"query-input\":\"required name=search_term_string\"}],\"inLanguage\":\"fr-FR\"}]}<\/script>\n<!-- \/ Yoast SEO plugin. -->","yoast_head_json":{"title":"Bo\u00eete \u00e0 biscuits en papier - Capsule House Works","robots":{"index":"noindex","follow":"follow","max-snippet":"max-snippet:-1","max-image-preview":"max-image-preview:large","max-video-preview":"max-video-preview:-1"},"og_locale":"fr_FR","og_type":"article","og_title":"Paper Box for Cookies | Paper Cookie Box - Capsule House Works","og_description":"Model Number Y604U   A new advertising label solution  A new printing method that uses ultraviolet curing technology to create designs on films.  Fully applicable to the field of self-adhesive  Printing and laminating all in one\u2013Improve production efficiency and reduce input costs  Vibrant color, anti-fading  DIY customization, no MOQ limit","og_url":"https:\/\/capsulehouseworks.com\/fr\/manufacturer\/boite-en-papier-pour-biscuits\/","og_site_name":"Capsule House Works","article_modified_time":"2023-06-08T07:54:06+00:00","og_image":[{"width":800,"height":800,"url":"https:\/\/capsulehouseworks.com\/wp-content\/uploads\/2023\/06\/paper-box-for-cookies.webp","type":"image\/webp"}],"twitter_card":"summary_large_image","schema":{"@context":"https:\/\/schema.org","@graph":[{"@type":"WebPage","@id":"https:\/\/capsulehouseworks.com\/manufacturer\/paper-box-for-cookies\/","url":"https:\/\/capsulehouseworks.com\/manufacturer\/paper-box-for-cookies\/","name":"Bo\u00eete \u00e0 biscuits en papier - Capsule House Works","isPartOf":{"@id":"https:\/\/capsulehouseworks.com\/#website"},"primaryImageOfPage":{"@id":"https:\/\/capsulehouseworks.com\/manufacturer\/paper-box-for-cookies\/#primaryimage"},"image":{"@id":"https:\/\/capsulehouseworks.com\/manufacturer\/paper-box-for-cookies\/#primaryimage"},"thumbnailUrl":"https:\/\/capsulehouseworks.com\/wp-content\/uploads\/2023\/06\/paper-box-for-cookies.webp","datePublished":"2023-06-08T07:51:40+00:00","dateModified":"2023-06-08T07:54:06+00:00","breadcrumb":{"@id":"https:\/\/capsulehouseworks.com\/manufacturer\/paper-box-for-cookies\/#breadcrumb"},"inLanguage":"fr-FR","potentialAction":[{"@type":"ReadAction","target":["https:\/\/capsulehouseworks.com\/manufacturer\/paper-box-for-cookies\/"]}]},{"@type":"ImageObject","inLanguage":"fr-FR","@id":"https:\/\/capsulehouseworks.com\/manufacturer\/paper-box-for-cookies\/#primaryimage","url":"https:\/\/capsulehouseworks.com\/wp-content\/uploads\/2023\/06\/paper-box-for-cookies.webp","contentUrl":"https:\/\/capsulehouseworks.com\/wp-content\/uploads\/2023\/06\/paper-box-for-cookies.webp","width":800,"height":800,"caption":"paper box for cookies"},{"@type":"BreadcrumbList","@id":"https:\/\/capsulehouseworks.com\/manufacturer\/paper-box-for-cookies\/#breadcrumb","itemListElement":[{"@type":"ListItem","position":1,"name":"Home","item":"https:\/\/capsulehouseworks.com\/"},{"@type":"ListItem","position":2,"name":"Products","item":"https:\/\/capsulehouseworks.com\/shop\/"},{"@type":"ListItem","position":3,"name":"Paper Box for Cookies | Paper Cookie Box"}]},{"@type":"WebSite","@id":"https:\/\/capsulehouseworks.com\/#website","url":"https:\/\/capsulehouseworks.com\/","name":"Travaux de la Maison Capsule","description":"Le fabricant de maisons en capsules haut de gamme","potentialAction":[{"@type":"SearchAction","target":{"@type":"EntryPoint","urlTemplate":"https:\/\/capsulehouseworks.com\/?s={search_term_string}"},"query-input":"required name=search_term_string"}],"inLanguage":"fr-FR"}]}},"_links":{"self":[{"href":"https:\/\/capsulehouseworks.com\/fr\/wp-json\/wp\/v2\/product\/1397","targetHints":{"allow":["GET"]}}],"collection":[{"href":"https:\/\/capsulehouseworks.com\/fr\/wp-json\/wp\/v2\/product"}],"about":[{"href":"https:\/\/capsulehouseworks.com\/fr\/wp-json\/wp\/v2\/types\/product"}],"wp:featuredmedia":[{"embeddable":true,"href":"https:\/\/capsulehouseworks.com\/fr\/wp-json\/wp\/v2\/media\/1384"}],"wp:attachment":[{"href":"https:\/\/capsulehouseworks.com\/fr\/wp-json\/wp\/v2\/media?parent=1397"}],"wp:term":[{"taxonomy":"product_brand","embeddable":true,"href":"https:\/\/capsulehouseworks.com\/fr\/wp-json\/wp\/v2\/product_brand?post=1397"},{"taxonomy":"product_cat","embeddable":true,"href":"https:\/\/capsulehouseworks.com\/fr\/wp-json\/wp\/v2\/product_cat?post=1397"},{"taxonomy":"product_tag","embeddable":true,"href":"https:\/\/capsulehouseworks.com\/fr\/wp-json\/wp\/v2\/product_tag?post=1397"}],"curies":[{"name":"wp","href":"https:\/\/api.w.org\/{rel}","templated":true}]}}