{"id":1393,"date":"2023-06-08T07:38:38","date_gmt":"2023-06-08T07:38:38","guid":{"rendered":"https:\/\/capsulehouseworks.com\/?post_type=product&#038;p=1393"},"modified":"2023-06-08T09:03:32","modified_gmt":"2023-06-08T09:03:32","slug":"paper-burger-box","status":"publish","type":"product","link":"https:\/\/capsulehouseworks.com\/fr\/manufacturer\/boite-a-hamburgers-en-papier\/","title":{"rendered":"Bo\u00eete \u00e0 hamburger en papier | Bo\u00eete \u00e0 hamburger"},"content":{"rendered":"<div id=\"featurebullets_feature_div\" class=\"celwidget\" data-feature-name=\"featurebullets\" data-csa-c-type=\"widget\" data-csa-c-content-id=\"featurebullets\" data-csa-c-slot-id=\"featurebullets_feature_div\" data-csa-c-asin=\"B07DF32D6Q\" data-csa-c-is-in-initial-active-row=\"false\" data-csa-c-id=\"3j0pnl-7cjnp-9t8psx-tspeog\">\n<div id=\"feature-bullets\" class=\"a-section a-spacing-medium a-spacing-top-small\">\n<ul class=\"a-unordered-list a-vertical a-spacing-mini\">\n<li>\n<div data-zone-id=\"0\" data-line-index=\"0\" data-line=\"true\">\n<div data-zone-id=\"0\" data-line-index=\"0\" data-line=\"true\">\ud83c\udf54 <strong style=\"font-size: 14.4px;\">PROT\u00c9GER LES ALIMENTS :<\/strong><span style=\"font-size: 14.4px;\"> Ces bo\u00eetes en papier durables de 2,5 pouces sont dot\u00e9es de fermetures \u00e0 onglet pratiques con\u00e7ues pour garder les aliments s\u00fbrs, s\u00e9curis\u00e9s et intacts.<\/span><\/div>\n<\/div>\n<\/li>\n<li><span class=\"a-list-item\"><strong>\ud83c\udf54 RESPECTUEUX DE LA NATURE ET RECYCLABLE :<\/strong> Fabriqu\u00e9es en papier recyclable 100%, ces bo\u00eetes miniatures offrent une solution de stockage respectueuse de l'environnement pour les snacks et les friandises emball\u00e9s individuellement.<\/span><\/li>\n<li><span class=\"a-list-item\"><strong>\ud83c\udf54 MAXIMISER LA PORTABILIT\u00c9 :<\/strong> Facilitez le stockage, le transport et le service de mini-pizzas, hamburgers, tartes, biscuits et autres !<\/span><\/li>\n<li><span class=\"a-list-item\"><strong>\ud83c\udf54 DISPONIBLE EN VRAC :<\/strong> Offertes en bo\u00eetes de 100 unit\u00e9s en vrac \u00e0 des prix de gros abordables pour vous assurer de rester en stock et de respecter votre budget.<\/span><\/li>\n<li><span class=\"a-list-item\"><strong>\ud83c\udf54 PARFAIT POUR LES MARIAGES, LES \u00c9V\u00c9NEMENTS SP\u00c9CIAUX ET LES F\u00caTES AVEC TRAITEUR :<\/strong> Ces bo\u00eetes uniques conf\u00e8rent une touche inoubliable aux ap\u00e9ritifs, aux desserts et aux cadeaux de f\u00eate.<\/span><\/li>\n<\/ul>\n<\/div>\n<\/div>\n<div id=\"acf-carousel_feature_div\" class=\"celwidget\" data-feature-name=\"acf-carousel\" data-csa-c-type=\"widget\" data-csa-c-content-id=\"acf-carousel\" data-csa-c-slot-id=\"acf-carousel_feature_div\" data-csa-c-asin=\"B07DF32D6Q\" data-csa-c-is-in-initial-active-row=\"false\" data-csa-c-id=\"oqpgyr-mh4egp-nntzd2-kyiiqq\">\u00a0<\/div>\n<div id=\"provenanceCertifications_feature_div\" class=\"celwidget\" data-feature-name=\"provenanceCertifications\" data-csa-c-type=\"widget\" data-csa-c-content-id=\"provenanceCertifications\" data-csa-c-slot-id=\"provenanceCertifications_feature_div\" data-csa-c-asin=\"B07DF32D6Q\" data-csa-c-is-in-initial-active-row=\"false\" data-csa-c-id=\"6t8ho-xbknmj-nqaso5-ne24gd\">\n<div id=\"provenance-certifications\" class=\"a-section a-spacing-medium a-spacing-top-micro\">\u00a0<\/div>\n<\/div>","protected":false},"excerpt":{"rendered":"<p>Jastar Custom Paper Burger Box Manufacturer and Supplier in China (Bo\u00eete \u00e0 hamburgers en papier personnalis\u00e9e)<\/p>\n<p>- MOQ : 1000pcs<br \/>\n- Service OEM\/ODM offert<br \/>\n- \u00c9chantillon gratuit disponible<br \/>\n- Accepter la personnalisation (sp\u00e9cifications, couleur, design, etc.)<\/p>\n<p>Si vous souhaitez obtenir les prix des bo\u00eetes en papier, veuillez nous contacter.<\/p>","protected":false},"featured_media":1383,"template":"","meta":[],"product_brand":[],"product_cat":[15],"product_tag":[],"class_list":{"0":"post-1393","1":"product","2":"type-product","3":"status-publish","4":"has-post-thumbnail","6":"product_cat-paper-box-for-food","8":"first","9":"instock","10":"shipping-taxable","11":"product-type-simple"},"yoast_head":"<!-- This site is optimized with the Yoast SEO plugin v22.8 - https:\/\/yoast.com\/wordpress\/plugins\/seo\/ -->\n<title>Paper Burger Box | Hamburger Box - Capsule House Works<\/title>\n<meta name=\"robots\" content=\"noindex, follow, max-snippet:-1, max-image-preview:large, max-video-preview:-1\" \/>\n<meta property=\"og:locale\" content=\"fr_FR\" \/>\n<meta property=\"og:type\" content=\"article\" \/>\n<meta property=\"og:title\" content=\"Paper Burger Box | Hamburger Box - Capsule House Works\" \/>\n<meta property=\"og:description\" content=\"Jastar Custom Paper Burger Box Manufacturer and Supplier in China  \u2013 MOQ: 1000pcs \u2013 OEM\/ODM service offered \u2013 Free sample available \u2013 Accept customization (specifications, color, design, etc.)  If you want to get paper box prices, please get in touch with us.\" \/>\n<meta property=\"og:url\" content=\"https:\/\/capsulehouseworks.com\/fr\/manufacturer\/boite-a-hamburgers-en-papier\/\" \/>\n<meta property=\"og:site_name\" content=\"Capsule House Works\" \/>\n<meta property=\"article:modified_time\" content=\"2023-06-08T09:03:32+00:00\" \/>\n<meta property=\"og:image\" content=\"https:\/\/capsulehouseworks.com\/wp-content\/uploads\/2023\/06\/paper-burger-box.webp\" \/>\n\t<meta property=\"og:image:width\" content=\"800\" \/>\n\t<meta property=\"og:image:height\" content=\"800\" \/>\n\t<meta property=\"og:image:type\" content=\"image\/webp\" \/>\n<meta name=\"twitter:card\" content=\"summary_large_image\" \/>\n<script type=\"application\/ld+json\" class=\"yoast-schema-graph\">{\"@context\":\"https:\/\/schema.org\",\"@graph\":[{\"@type\":\"WebPage\",\"@id\":\"https:\/\/capsulehouseworks.com\/manufacturer\/paper-burger-box\/\",\"url\":\"https:\/\/capsulehouseworks.com\/manufacturer\/paper-burger-box\/\",\"name\":\"Paper Burger Box | Hamburger Box - Capsule House Works\",\"isPartOf\":{\"@id\":\"https:\/\/capsulehouseworks.com\/#website\"},\"primaryImageOfPage\":{\"@id\":\"https:\/\/capsulehouseworks.com\/manufacturer\/paper-burger-box\/#primaryimage\"},\"image\":{\"@id\":\"https:\/\/capsulehouseworks.com\/manufacturer\/paper-burger-box\/#primaryimage\"},\"thumbnailUrl\":\"https:\/\/capsulehouseworks.com\/wp-content\/uploads\/2023\/06\/paper-burger-box.webp\",\"datePublished\":\"2023-06-08T07:38:38+00:00\",\"dateModified\":\"2023-06-08T09:03:32+00:00\",\"breadcrumb\":{\"@id\":\"https:\/\/capsulehouseworks.com\/manufacturer\/paper-burger-box\/#breadcrumb\"},\"inLanguage\":\"fr-FR\",\"potentialAction\":[{\"@type\":\"ReadAction\",\"target\":[\"https:\/\/capsulehouseworks.com\/manufacturer\/paper-burger-box\/\"]}]},{\"@type\":\"ImageObject\",\"inLanguage\":\"fr-FR\",\"@id\":\"https:\/\/capsulehouseworks.com\/manufacturer\/paper-burger-box\/#primaryimage\",\"url\":\"https:\/\/capsulehouseworks.com\/wp-content\/uploads\/2023\/06\/paper-burger-box.webp\",\"contentUrl\":\"https:\/\/capsulehouseworks.com\/wp-content\/uploads\/2023\/06\/paper-burger-box.webp\",\"width\":800,\"height\":800,\"caption\":\"paper burger box\"},{\"@type\":\"BreadcrumbList\",\"@id\":\"https:\/\/capsulehouseworks.com\/manufacturer\/paper-burger-box\/#breadcrumb\",\"itemListElement\":[{\"@type\":\"ListItem\",\"position\":1,\"name\":\"Home\",\"item\":\"https:\/\/capsulehouseworks.com\/\"},{\"@type\":\"ListItem\",\"position\":2,\"name\":\"Products\",\"item\":\"https:\/\/capsulehouseworks.com\/shop\/\"},{\"@type\":\"ListItem\",\"position\":3,\"name\":\"Paper Burger Box | Hamburger Box\"}]},{\"@type\":\"WebSite\",\"@id\":\"https:\/\/capsulehouseworks.com\/#website\",\"url\":\"https:\/\/capsulehouseworks.com\/\",\"name\":\"Capsule House Works\",\"description\":\"The Premium Capsule House Manufacturer\",\"potentialAction\":[{\"@type\":\"SearchAction\",\"target\":{\"@type\":\"EntryPoint\",\"urlTemplate\":\"https:\/\/capsulehouseworks.com\/?s={search_term_string}\"},\"query-input\":\"required name=search_term_string\"}],\"inLanguage\":\"fr-FR\"}]}<\/script>\n<!-- \/ Yoast SEO plugin. -->","yoast_head_json":{"title":"Bo\u00eete \u00e0 hamburger en papier - Capsule House Works","robots":{"index":"noindex","follow":"follow","max-snippet":"max-snippet:-1","max-image-preview":"max-image-preview:large","max-video-preview":"max-video-preview:-1"},"og_locale":"fr_FR","og_type":"article","og_title":"Paper Burger Box | Hamburger Box - Capsule House Works","og_description":"Jastar Custom Paper Burger Box Manufacturer and Supplier in China  \u2013 MOQ: 1000pcs \u2013 OEM\/ODM service offered \u2013 Free sample available \u2013 Accept customization (specifications, color, design, etc.)  If you want to get paper box prices, please get in touch with us.","og_url":"https:\/\/capsulehouseworks.com\/fr\/manufacturer\/boite-a-hamburgers-en-papier\/","og_site_name":"Capsule House Works","article_modified_time":"2023-06-08T09:03:32+00:00","og_image":[{"width":800,"height":800,"url":"https:\/\/capsulehouseworks.com\/wp-content\/uploads\/2023\/06\/paper-burger-box.webp","type":"image\/webp"}],"twitter_card":"summary_large_image","schema":{"@context":"https:\/\/schema.org","@graph":[{"@type":"WebPage","@id":"https:\/\/capsulehouseworks.com\/manufacturer\/paper-burger-box\/","url":"https:\/\/capsulehouseworks.com\/manufacturer\/paper-burger-box\/","name":"Bo\u00eete \u00e0 hamburger en papier - Capsule House Works","isPartOf":{"@id":"https:\/\/capsulehouseworks.com\/#website"},"primaryImageOfPage":{"@id":"https:\/\/capsulehouseworks.com\/manufacturer\/paper-burger-box\/#primaryimage"},"image":{"@id":"https:\/\/capsulehouseworks.com\/manufacturer\/paper-burger-box\/#primaryimage"},"thumbnailUrl":"https:\/\/capsulehouseworks.com\/wp-content\/uploads\/2023\/06\/paper-burger-box.webp","datePublished":"2023-06-08T07:38:38+00:00","dateModified":"2023-06-08T09:03:32+00:00","breadcrumb":{"@id":"https:\/\/capsulehouseworks.com\/manufacturer\/paper-burger-box\/#breadcrumb"},"inLanguage":"fr-FR","potentialAction":[{"@type":"ReadAction","target":["https:\/\/capsulehouseworks.com\/manufacturer\/paper-burger-box\/"]}]},{"@type":"ImageObject","inLanguage":"fr-FR","@id":"https:\/\/capsulehouseworks.com\/manufacturer\/paper-burger-box\/#primaryimage","url":"https:\/\/capsulehouseworks.com\/wp-content\/uploads\/2023\/06\/paper-burger-box.webp","contentUrl":"https:\/\/capsulehouseworks.com\/wp-content\/uploads\/2023\/06\/paper-burger-box.webp","width":800,"height":800,"caption":"paper burger box"},{"@type":"BreadcrumbList","@id":"https:\/\/capsulehouseworks.com\/manufacturer\/paper-burger-box\/#breadcrumb","itemListElement":[{"@type":"ListItem","position":1,"name":"Home","item":"https:\/\/capsulehouseworks.com\/"},{"@type":"ListItem","position":2,"name":"Products","item":"https:\/\/capsulehouseworks.com\/shop\/"},{"@type":"ListItem","position":3,"name":"Paper Burger Box | Hamburger Box"}]},{"@type":"WebSite","@id":"https:\/\/capsulehouseworks.com\/#website","url":"https:\/\/capsulehouseworks.com\/","name":"Travaux de la Maison Capsule","description":"Le fabricant de maisons en capsules haut de gamme","potentialAction":[{"@type":"SearchAction","target":{"@type":"EntryPoint","urlTemplate":"https:\/\/capsulehouseworks.com\/?s={search_term_string}"},"query-input":"required name=search_term_string"}],"inLanguage":"fr-FR"}]}},"_links":{"self":[{"href":"https:\/\/capsulehouseworks.com\/fr\/wp-json\/wp\/v2\/product\/1393","targetHints":{"allow":["GET"]}}],"collection":[{"href":"https:\/\/capsulehouseworks.com\/fr\/wp-json\/wp\/v2\/product"}],"about":[{"href":"https:\/\/capsulehouseworks.com\/fr\/wp-json\/wp\/v2\/types\/product"}],"wp:featuredmedia":[{"embeddable":true,"href":"https:\/\/capsulehouseworks.com\/fr\/wp-json\/wp\/v2\/media\/1383"}],"wp:attachment":[{"href":"https:\/\/capsulehouseworks.com\/fr\/wp-json\/wp\/v2\/media?parent=1393"}],"wp:term":[{"taxonomy":"product_brand","embeddable":true,"href":"https:\/\/capsulehouseworks.com\/fr\/wp-json\/wp\/v2\/product_brand?post=1393"},{"taxonomy":"product_cat","embeddable":true,"href":"https:\/\/capsulehouseworks.com\/fr\/wp-json\/wp\/v2\/product_cat?post=1393"},{"taxonomy":"product_tag","embeddable":true,"href":"https:\/\/capsulehouseworks.com\/fr\/wp-json\/wp\/v2\/product_tag?post=1393"}],"curies":[{"name":"wp","href":"https:\/\/api.w.org\/{rel}","templated":true}]}}