{"id":25,"date":"2023-03-05T10:39:43","date_gmt":"2023-03-05T10:39:43","guid":{"rendered":"https:\/\/capsulehouseworks.com\/?page_id=25"},"modified":"2023-04-24T03:44:27","modified_gmt":"2023-04-24T03:44:27","slug":"about","status":"publish","type":"page","link":"https:\/\/capsulehouseworks.com\/fr\/a-propos-de\/","title":{"rendered":"A propos de"},"content":{"rendered":"<section class=\"section\" id=\"section_1595009813\">\n\t\t<div class=\"bg section-bg fill bg-fill  bg-loaded\" >\n\n\t\t\t\n\t\t\t\n\t\t\t\n\n\t\t<\/div>\n\n\t\t\n\n\t\t<div class=\"section-content relative\">\n\t\t\t\n<div class=\"row align-equal\"  id=\"row-614138336\">\n\n\t<div id=\"col-1084322598\" class=\"col medium-12 small-12 large-6 medium-col-first\"  >\n\t\t\t\t<div class=\"col-inner\"  >\n\t\t\t\n\t\t\t\n\t<div id=\"gap-1314910353\" class=\"gap-element clearfix\" style=\"display:block; height:auto;\">\n\t\t\n<style>\n#gap-1314910353 {\n  padding-top: 5px;\n}\n<\/style>\n\t<\/div>\n\t\n\t<div id=\"text-836002407\" class=\"text\">\n\t\t\n<h2>INFORMATIONS SUR L'ENTREPRISE<\/h2>\n\t\t\n<style>\n#text-836002407 {\n  font-size: 1rem;\n}\n@media (min-width:550px) {\n  #text-836002407 {\n    font-size: 1rem;\n  }\n}\n@media (min-width:850px) {\n  #text-836002407 {\n    font-size: 1.4rem;\n  }\n}\n<\/style>\n\t<\/div>\n\t\n<div class=\"is-divider divider clearfix\" style=\"max-width:50px;height:4px;background-color:rgb(59, 181, 76);\"><\/div>\n\t<div id=\"gap-511437977\" class=\"gap-element clearfix hide-for-small\" style=\"display:block; height:auto;\">\n\t\t\n<style>\n#gap-511437977 {\n  padding-top: 20px;\n}\n<\/style>\n\t<\/div>\n\t\n<div>Fond\u00e9e et bas\u00e9e \u00e0 Londres, notre entreprise de technologie et de fabrication en ligne est passionn\u00e9e par la qualit\u00e9 du design et la diff\u00e9rence qu'il peut faire pour nos clients et le monde. Nous concevons, fabriquons et vendons des produits imprim\u00e9s et des marchandises de marque de premi\u00e8re qualit\u00e9 \u00e0 nos entreprises clientes dans le monde entier.<\/div>\n<div><\/div>\n<div>Nous voulons \u00e9tablir une nouvelle norme pour l'impression, avec de nouveaux produits remarquables qui apportent \u00e0 l'Internet une conception de qualit\u00e9 et des normes \u00e9lev\u00e9es sans compromis. Alors que de nombreux autres<\/div>\n\t<div id=\"gap-2084136275\" class=\"gap-element clearfix\" style=\"display:block; height:auto;\">\n\t\t\n<style>\n#gap-2084136275 {\n  padding-top: 30px;\n}\n<\/style>\n\t<\/div>\n\t\n<a href=\"https:\/\/capsulehouseworks.com\/fr\/contact\/\" class=\"button primary\"  style=\"border-radius:99px;\">\n    <span>Nous contacter<\/span>\n  <\/a>\n\n\t\t<\/div>\n\t\t\t\t\n<style>\n#col-1084322598 > .col-inner {\n  padding: 0px 0px 0px 0px;\n}\n@media (min-width:550px) {\n  #col-1084322598 > .col-inner {\n    padding: 0px 0px 0px 0px;\n  }\n}\n@media (min-width:850px) {\n  #col-1084322598 > .col-inner {\n    padding: 0px 20px 0px 0px;\n  }\n}\n<\/style>\n\t<\/div>\n\n\t\n\n\t<div id=\"col-1606564111\" class=\"col medium-12 small-12 large-6\"  >\n\t\t\t\t<div class=\"col-inner\"  >\n\t\t\t\n\t\t\t\n\t<div class=\"img has-hover x md-x lg-x y md-y lg-y\" id=\"image_110792111\">\n\t\t\t\t\t\t\t\t<div class=\"img-inner image-cover box-shadow-1 box-shadow-5-hover dark\" style=\"padding-top:70%;\">\n\t\t\t<img loading=\"lazy\" decoding=\"async\" width=\"700\" height=\"450\" src=\"https:\/\/capsulehouseworks.com\/wp-content\/uploads\/2023\/04\/about-us-factory.webp\" class=\"attachment-original size-original\" alt=\"\" srcset=\"https:\/\/capsulehouseworks.com\/wp-content\/uploads\/2023\/04\/about-us-factory.webp 700w, https:\/\/capsulehouseworks.com\/wp-content\/uploads\/2023\/04\/about-us-factory-300x193.webp 300w, https:\/\/capsulehouseworks.com\/wp-content\/uploads\/2023\/04\/about-us-factory-600x386.webp 600w\" sizes=\"auto, (max-width: 700px) 100vw, 700px\" \/>\t\t\t\t\t\t\n\t\t\t\t\t<\/div>\n\t\t\t\t\t\t\t\t\n<style>\n#image_110792111 {\n  width: 100%;\n}\n<\/style>\n\t<\/div>\n\t\n\t\t<\/div>\n\t\t\t\t\n<style>\n#col-1606564111 > .col-inner {\n  padding: 0px 0px 0px 0px;\n  border-radius: 8px;\n}\n@media (min-width:550px) {\n  #col-1606564111 > .col-inner {\n    padding: 0px 0px 0px 0px;\n  }\n}\n@media (min-width:850px) {\n  #col-1606564111 > .col-inner {\n    padding: 0px 0px 0px 20px;\n  }\n}\n<\/style>\n\t<\/div>\n\n\t\n<\/div>\n\t\t<\/div>\n\n\t\t\n<style>\n#section_1595009813 {\n  padding-top: 30px;\n  padding-bottom: 30px;\n}\n@media (min-width:550px) {\n  #section_1595009813 {\n    padding-top: 30px;\n    padding-bottom: 30px;\n  }\n}\n@media (min-width:850px) {\n  #section_1595009813 {\n    padding-top: 80px;\n    padding-bottom: 80px;\n  }\n}\n<\/style>\n\t<\/section>\n\t\n\n\n\t<section class=\"section\" id=\"section_224850604\">\n\t\t<div class=\"bg section-bg fill bg-fill  bg-loaded\" >\n\n\t\t\t\n\t\t\t<div class=\"section-bg-overlay absolute fill\"><\/div>\n\t\t\t\n\n\t\t<\/div>\n\n\t\t\n\n\t\t<div class=\"section-content relative\">\n\t\t\t\n\t<div id=\"gap-1355094650\" class=\"gap-element clearfix\" style=\"display:block; height:auto;\">\n\t\t\n<style>\n#gap-1355094650 {\n  padding-top: 30px;\n}\n<\/style>\n\t<\/div>\n\t\n<div class=\"row align-center\"  id=\"row-942955733\">\n\n\t<div id=\"col-478847057\" class=\"col medium-10 small-12 large-10\"  >\n\t\t\t\t<div class=\"col-inner\"  >\n\t\t\t\n\t\t\t\n\t<div id=\"text-2832451517\" class=\"text\">\n\t\t\n<h2>TOUJOURS LE VRAI, TOUJOURS DES BIJOUX (SLOGAN)<\/h2>\n\t\t\n<style>\n#text-2832451517 {\n  font-size: 1.35rem;\n  text-align: center;\n  color: rgb(255,255,255);\n}\n#text-2832451517 > * {\n  color: rgb(255,255,255);\n}\n<\/style>\n\t<\/div>\n\t\n<div class=\"text-center\"><div class=\"is-divider divider clearfix\" style=\"background-color:rgb(255, 255, 255);\"><\/div><\/div>\n\t\t<\/div>\n\t\t\t\t\n<style>\n#col-478847057 > .col-inner {\n  margin: 0px 0px -20px 0px;\n}\n<\/style>\n\t<\/div>\n\n\t\n<\/div>\n<div class=\"row\"  id=\"row-282404953\">\n\n\t<div id=\"col-1548777615\" class=\"col small-12 large-12\"  >\n\t\t\t\t<div class=\"col-inner text-center\"  >\n\t\t\t\n\t\t\t\n<a href=\"\/fr\/shop\/\" class=\"button white\"  style=\"border-radius:99px;\">\n    <span>En savoir plus<\/span>\n  <\/a>\n\n\t\t<\/div>\n\t\t\t\t\n<style>\n#col-1548777615 > .col-inner {\n  margin: 0px 0px -20px 0px;\n}\n<\/style>\n\t<\/div>\n\n\t\n<\/div>\n\t\t<\/div>\n\n\t\t\n<style>\n#section_224850604 {\n  padding-top: 30px;\n  padding-bottom: 30px;\n}\n#section_224850604 .section-bg-overlay {\n  background-color: #3ab54b;\n}\n<\/style>\n\t<\/section>\n\t\n\t<section class=\"section\" id=\"section_1089082771\">\n\t\t<div class=\"bg section-bg fill bg-fill  bg-loaded\" >\n\n\t\t\t\n\t\t\t\n\t\t\t\n\n\t\t<\/div>\n\n\t\t\n\n\t\t<div class=\"section-content relative\">\n\t\t\t\n<div class=\"row\"  id=\"row-1490068458\">\n\n\t<div id=\"col-859800309\" class=\"col small-12 large-12\"  >\n\t\t\t\t<div class=\"col-inner\"  >\n\t\t\t\n\t\t\t\n\t<div id=\"gap-2042738162\" class=\"gap-element clearfix hide-for-medium\" style=\"display:block; height:auto;\">\n\t\t\n<style>\n#gap-2042738162 {\n  padding-top: 30px;\n}\n<\/style>\n\t<\/div>\n\t\n\t\t<\/div>\n\t\t\t\t\n<style>\n#col-859800309 > .col-inner {\n  margin: 0px 0px -20px 0px;\n}\n<\/style>\n\t<\/div>\n\n\t\n<\/div>\n<div class=\"row align-equal\" style=\"max-width:1400px\" id=\"row-716387398\">\n\n\t<div id=\"col-1929888161\" class=\"col medium-12 small-12 large-6\"  >\n\t\t\t\t<div class=\"col-inner\"  >\n\t\t\t\n\t\t\t\n\t<div class=\"img has-hover x md-x lg-x y md-y lg-y\" id=\"image_22264302\">\n\t\t\t\t\t\t\t\t<div class=\"img-inner box-shadow-1 box-shadow-5-hover dark\" >\n\t\t\t<img loading=\"lazy\" decoding=\"async\" width=\"700\" height=\"450\" src=\"https:\/\/capsulehouseworks.com\/wp-content\/uploads\/2023\/04\/team-700-450-.webp\" class=\"attachment-original size-original\" alt=\"\" srcset=\"https:\/\/capsulehouseworks.com\/wp-content\/uploads\/2023\/04\/team-700-450-.webp 700w, https:\/\/capsulehouseworks.com\/wp-content\/uploads\/2023\/04\/team-700-450--300x193.webp 300w, https:\/\/capsulehouseworks.com\/wp-content\/uploads\/2023\/04\/team-700-450--600x386.webp 600w\" sizes=\"auto, (max-width: 700px) 100vw, 700px\" \/>\t\t\t\t\t\t\n\t\t\t\t\t<\/div>\n\t\t\t\t\t\t\t\t\n<style>\n#image_22264302 {\n  width: 100%;\n}\n@media (min-width:550px) {\n  #image_22264302 {\n    width: 100%;\n  }\n}\n<\/style>\n\t<\/div>\n\t\n\t\t<\/div>\n\t\t\t\t\n<style>\n#col-1929888161 > .col-inner {\n  padding: 0px 0px 0px 0px;\n}\n@media (min-width:550px) {\n  #col-1929888161 > .col-inner {\n    padding: 0px 0px 0px 0px;\n  }\n}\n@media (min-width:850px) {\n  #col-1929888161 > .col-inner {\n    padding: 0px 30px 0px 0px;\n  }\n}\n<\/style>\n\t<\/div>\n\n\t\n\n\t<div id=\"col-1937028426\" class=\"col medium-12 small-12 large-6 medium-col-first\"  >\n\t\t\t\t<div class=\"col-inner\"  >\n\t\t\t\n\t\t\t\n\t<div id=\"text-111125272\" class=\"text\">\n\t\t\n<h2>L'\u00c9QUIPE DE LA SOCI\u00c9T\u00c9<\/h2>\n\t\t\n<style>\n#text-111125272 {\n  font-size: 1rem;\n}\n@media (min-width:550px) {\n  #text-111125272 {\n    font-size: 1rem;\n  }\n}\n@media (min-width:850px) {\n  #text-111125272 {\n    font-size: 1.3rem;\n  }\n}\n<\/style>\n\t<\/div>\n\t\n<div class=\"is-divider divider clearfix\" style=\"max-width:50px;height:4px;background-color:rgb(59, 181, 76);\"><\/div>\n\t<div id=\"gap-1690255463\" class=\"gap-element clearfix\" style=\"display:block; height:auto;\">\n\t\t\n<style>\n#gap-1690255463 {\n  padding-top: 20px;\n}\n<\/style>\n\t<\/div>\n\t\n<div>Fond\u00e9e et bas\u00e9e \u00e0 Londres, notre entreprise de technologie et de fabrication en ligne est passionn\u00e9e par la qualit\u00e9 du design et la diff\u00e9rence qu'il peut faire pour nos clients et le monde. Nous concevons, fabriquons et vendons des produits imprim\u00e9s et des marchandises de marque de premi\u00e8re qualit\u00e9 \u00e0 nos entreprises clientes dans le monde entier.<\/div>\n<div>\u00a0<\/div>\n<div>Nous voulons \u00e9tablir une nouvelle norme pour l'impression, avec de nouveaux produits remarquables qui apportent une grande conception et des normes \u00e9lev\u00e9es et sans compromis au web. Alors que de nombreux autres imprimeurs ont choisi d'utiliser les nouvelles technologies pour r\u00e9duire simplement les co\u00fbts d'impression (et souvent la qualit\u00e9), nous nous effor\u00e7ons de rendre l'impression non seulement rentable, mais aussi meilleure que jamais.<\/div>\n\t<div id=\"gap-11460753\" class=\"gap-element clearfix\" style=\"display:block; height:auto;\">\n\t\t\n<style>\n#gap-11460753 {\n  padding-top: 30px;\n}\n<\/style>\n\t<\/div>\n\t\n<a href=\"https:\/\/capsulehouseworks.com\/fr\/contact\/\" class=\"button primary\"  style=\"border-radius:99px;\">\n    <span>Rejoignez-nous maintenant<\/span>\n  <\/a>\n\n\t\t<\/div>\n\t\t\t\t\n<style>\n#col-1937028426 > .col-inner {\n  padding: 0px 0px 0px 0px;\n}\n@media (min-width:550px) {\n  #col-1937028426 > .col-inner {\n    padding: 0px 0px 0px 0px;\n  }\n}\n@media (min-width:850px) {\n  #col-1937028426 > .col-inner {\n    padding: 0px 90px 0px 30px;\n  }\n}\n<\/style>\n\t<\/div>\n\n\t\n<\/div>\n<div class=\"row align-middle align-center\"  id=\"row-1890999663\">\n\n\t<div id=\"col-766366864\" class=\"col medium-6 small-12 large-6\"  >\n\t\t\t\t<div class=\"col-inner\"  >\n\t\t\t\n\t\t\t\n\t<div id=\"gap-1728265358\" class=\"gap-element clearfix\" style=\"display:block; height:auto;\">\n\t\t\n<style>\n#gap-1728265358 {\n  padding-top: 0px;\n}\n<\/style>\n\t<\/div>\n\t\n\t\t<\/div>\n\t\t\t\t\t<\/div>\n\n\t\n<\/div>\n\t\t<\/div>\n\n\t\t\n<style>\n#section_1089082771 {\n  padding-top: 0px;\n  padding-bottom: 0px;\n}\n@media (min-width:550px) {\n  #section_1089082771 {\n    padding-top: 0px;\n    padding-bottom: 0px;\n  }\n}\n@media (min-width:850px) {\n  #section_1089082771 {\n    padding-top: 50px;\n    padding-bottom: 50px;\n  }\n}\n<\/style>\n\t<\/section>","protected":false},"excerpt":{"rendered":"","protected":false},"author":1,"featured_media":0,"parent":0,"menu_order":0,"comment_status":"closed","ping_status":"closed","template":"page-blank.php","meta":{"footnotes":""},"class_list":["post-25","page","type-page","status-publish","hentry"],"yoast_head":"<!-- This site is optimized with the Yoast SEO plugin v22.8 - https:\/\/yoast.com\/wordpress\/plugins\/seo\/ -->\n<title>About - Capsule House Works<\/title>\n<meta name=\"robots\" content=\"noindex, follow, max-snippet:-1, max-image-preview:large, max-video-preview:-1\" \/>\n<meta property=\"og:locale\" content=\"fr_FR\" \/>\n<meta property=\"og:type\" content=\"article\" \/>\n<meta property=\"og:title\" content=\"About - Capsule House Works\" \/>\n<meta property=\"og:url\" content=\"https:\/\/capsulehouseworks.com\/fr\/a-propos-de\/\" \/>\n<meta property=\"og:site_name\" content=\"Capsule House Works\" \/>\n<meta property=\"article:modified_time\" content=\"2023-04-24T03:44:27+00:00\" \/>\n<meta name=\"twitter:card\" content=\"summary_large_image\" \/>\n<meta name=\"twitter:label1\" content=\"Dur\u00e9e de lecture estim\u00e9e\" \/>\n\t<meta name=\"twitter:data1\" content=\"4 minutes\" \/>\n<script type=\"application\/ld+json\" class=\"yoast-schema-graph\">{\"@context\":\"https:\/\/schema.org\",\"@graph\":[{\"@type\":\"WebPage\",\"@id\":\"https:\/\/capsulehouseworks.com\/about\/\",\"url\":\"https:\/\/capsulehouseworks.com\/about\/\",\"name\":\"About - Capsule House Works\",\"isPartOf\":{\"@id\":\"https:\/\/capsulehouseworks.com\/#website\"},\"datePublished\":\"2023-03-05T10:39:43+00:00\",\"dateModified\":\"2023-04-24T03:44:27+00:00\",\"breadcrumb\":{\"@id\":\"https:\/\/capsulehouseworks.com\/about\/#breadcrumb\"},\"inLanguage\":\"fr-FR\",\"potentialAction\":[{\"@type\":\"ReadAction\",\"target\":[\"https:\/\/capsulehouseworks.com\/about\/\"]}]},{\"@type\":\"BreadcrumbList\",\"@id\":\"https:\/\/capsulehouseworks.com\/about\/#breadcrumb\",\"itemListElement\":[{\"@type\":\"ListItem\",\"position\":1,\"name\":\"Home\",\"item\":\"https:\/\/capsulehouseworks.com\/\"},{\"@type\":\"ListItem\",\"position\":2,\"name\":\"About\"}]},{\"@type\":\"WebSite\",\"@id\":\"https:\/\/capsulehouseworks.com\/#website\",\"url\":\"https:\/\/capsulehouseworks.com\/\",\"name\":\"Capsule House Works\",\"description\":\"The Premium Capsule House Manufacturer\",\"potentialAction\":[{\"@type\":\"SearchAction\",\"target\":{\"@type\":\"EntryPoint\",\"urlTemplate\":\"https:\/\/capsulehouseworks.com\/?s={search_term_string}\"},\"query-input\":\"required name=search_term_string\"}],\"inLanguage\":\"fr-FR\"}]}<\/script>\n<!-- \/ Yoast SEO plugin. -->","yoast_head_json":{"title":"\u00c0 propos - Capsule House Works","robots":{"index":"noindex","follow":"follow","max-snippet":"max-snippet:-1","max-image-preview":"max-image-preview:large","max-video-preview":"max-video-preview:-1"},"og_locale":"fr_FR","og_type":"article","og_title":"About - Capsule House Works","og_url":"https:\/\/capsulehouseworks.com\/fr\/a-propos-de\/","og_site_name":"Capsule House Works","article_modified_time":"2023-04-24T03:44:27+00:00","twitter_card":"summary_large_image","twitter_misc":{"Dur\u00e9e de lecture estim\u00e9e":"4 minutes"},"schema":{"@context":"https:\/\/schema.org","@graph":[{"@type":"WebPage","@id":"https:\/\/capsulehouseworks.com\/about\/","url":"https:\/\/capsulehouseworks.com\/about\/","name":"\u00c0 propos - Capsule House Works","isPartOf":{"@id":"https:\/\/capsulehouseworks.com\/#website"},"datePublished":"2023-03-05T10:39:43+00:00","dateModified":"2023-04-24T03:44:27+00:00","breadcrumb":{"@id":"https:\/\/capsulehouseworks.com\/about\/#breadcrumb"},"inLanguage":"fr-FR","potentialAction":[{"@type":"ReadAction","target":["https:\/\/capsulehouseworks.com\/about\/"]}]},{"@type":"BreadcrumbList","@id":"https:\/\/capsulehouseworks.com\/about\/#breadcrumb","itemListElement":[{"@type":"ListItem","position":1,"name":"Home","item":"https:\/\/capsulehouseworks.com\/"},{"@type":"ListItem","position":2,"name":"About"}]},{"@type":"WebSite","@id":"https:\/\/capsulehouseworks.com\/#website","url":"https:\/\/capsulehouseworks.com\/","name":"Travaux de la Maison Capsule","description":"Le fabricant de maisons en capsules haut de gamme","potentialAction":[{"@type":"SearchAction","target":{"@type":"EntryPoint","urlTemplate":"https:\/\/capsulehouseworks.com\/?s={search_term_string}"},"query-input":"required name=search_term_string"}],"inLanguage":"fr-FR"}]}},"_links":{"self":[{"href":"https:\/\/capsulehouseworks.com\/fr\/wp-json\/wp\/v2\/pages\/25","targetHints":{"allow":["GET"]}}],"collection":[{"href":"https:\/\/capsulehouseworks.com\/fr\/wp-json\/wp\/v2\/pages"}],"about":[{"href":"https:\/\/capsulehouseworks.com\/fr\/wp-json\/wp\/v2\/types\/page"}],"author":[{"embeddable":true,"href":"https:\/\/capsulehouseworks.com\/fr\/wp-json\/wp\/v2\/users\/1"}],"replies":[{"embeddable":true,"href":"https:\/\/capsulehouseworks.com\/fr\/wp-json\/wp\/v2\/comments?post=25"}],"version-history":[{"count":0,"href":"https:\/\/capsulehouseworks.com\/fr\/wp-json\/wp\/v2\/pages\/25\/revisions"}],"wp:attachment":[{"href":"https:\/\/capsulehouseworks.com\/fr\/wp-json\/wp\/v2\/media?parent=25"}],"curies":[{"name":"wp","href":"https:\/\/api.w.org\/{rel}","templated":true}]}}