{"id":1402,"date":"2023-06-08T08:15:42","date_gmt":"2023-06-08T08:15:42","guid":{"rendered":"https:\/\/capsulehouseworks.com\/?post_type=product&#038;p=1402"},"modified":"2023-06-08T09:04:35","modified_gmt":"2023-06-08T09:04:35","slug":"sandwich-paper-box","status":"publish","type":"product","link":"https:\/\/capsulehouseworks.com\/es\/manufacturer\/caja-de-papel-sandwich\/","title":{"rendered":"Caja de papel para sandwich | Caja de papel a medida para sandwich"},"content":{"rendered":"<ul class=\"a-unordered-list a-vertical a-spacing-mini\">\n<li><span class=\"a-list-item\"><strong>\ud83e\udd6a CANTIDAD:<\/strong> 50 cajas para bocadillos desechables con ventanas transparentes de aspecto profesional, perfectas para exponer bocadillos en panader\u00edas.<\/span><\/li>\n<li><span class=\"a-list-item\"><strong>\ud83e\udd6a MATERIAL:<\/strong> papel\/cart\u00f3n, tarjeta de papel kraft de calidad alimentaria, la ventana transparente est\u00e1 fabricada con material PET respetuoso con el medio ambiente.<\/span><\/li>\n<li><span class=\"a-list-item\"><strong>\ud83e\udd6a MONTAJE:<\/strong> Necesita ser montado a mano, f\u00e1cil de empaquetar, muy adecuado para panader\u00edas, fiambreras escolares.<\/span><\/li>\n<li><span class=\"a-list-item\"><strong>\ud83e\udd6a DISE\u00d1O:<\/strong> El dise\u00f1o est\u00e1 impreso en papel kraft marr\u00f3n, sencillo y simple, sin patrones complicados.<\/span><\/li>\n<li><span class=\"a-list-item\"><strong>\ud83e\udd6a DIMENSIONES:<\/strong> Las dimensiones ensambladas de cada caja sandwich son: largo 17 cm, alto 12 cm, ancho 7,5 cm.<\/span><\/li>\n<\/ul>","protected":false},"excerpt":{"rendered":"<p>Servicio profesional de fabricaci\u00f3n de bicicletas el\u00e9ctricas OEM\/ODM:<\/p>\n<ol>\n<li>Dise\u00f1o<\/li>\n<li>Muestreo<\/li>\n<li>Producci\u00f3n<\/li>\n<li>Env\u00edo<\/li>\n<\/ol>\n<p>De acuerdo con sus dise\u00f1os personalizados Ebike, o nuestros dise\u00f1os originales. Totalmente personalizado dise\u00f1o, tela, y el material del poste, color, tama\u00f1o, peso, logotipo impreso, y el embalaje.<\/p>","protected":false},"featured_media":1385,"template":"","meta":[],"product_brand":[],"product_cat":[15],"product_tag":[],"class_list":{"0":"post-1402","1":"product","2":"type-product","3":"status-publish","4":"has-post-thumbnail","6":"product_cat-paper-box-for-food","8":"first","9":"instock","10":"shipping-taxable","11":"product-type-simple"},"yoast_head":"<!-- This site is optimized with the Yoast SEO plugin v22.8 - https:\/\/yoast.com\/wordpress\/plugins\/seo\/ -->\n<title>Sandwich Paper Box | Custom Paper Box for Sandwich - Capsule House Works<\/title>\n<meta name=\"robots\" content=\"noindex, follow, max-snippet:-1, max-image-preview:large, max-video-preview:-1\" \/>\n<meta property=\"og:locale\" content=\"es_ES\" \/>\n<meta property=\"og:type\" content=\"article\" \/>\n<meta property=\"og:title\" content=\"Sandwich Paper Box | Custom Paper Box for Sandwich - Capsule House Works\" \/>\n<meta property=\"og:description\" content=\"Professional OEM\/ODM Ebike manufacturing service:   Designing  Sampling  Production  Shipping  According to your personalized Ebike designs, or our original designs. Fully customized design, fabric, and pole material, color, size, weight, printed logo, and packaging.\" \/>\n<meta property=\"og:url\" content=\"https:\/\/capsulehouseworks.com\/es\/manufacturer\/caja-de-papel-sandwich\/\" \/>\n<meta property=\"og:site_name\" content=\"Capsule House Works\" \/>\n<meta property=\"article:modified_time\" content=\"2023-06-08T09:04:35+00:00\" \/>\n<meta property=\"og:image\" content=\"https:\/\/capsulehouseworks.com\/wp-content\/uploads\/2023\/06\/sandwich-paper-box.webp\" \/>\n\t<meta property=\"og:image:width\" content=\"800\" \/>\n\t<meta property=\"og:image:height\" content=\"800\" \/>\n\t<meta property=\"og:image:type\" content=\"image\/webp\" \/>\n<meta name=\"twitter:card\" content=\"summary_large_image\" \/>\n<script type=\"application\/ld+json\" class=\"yoast-schema-graph\">{\"@context\":\"https:\/\/schema.org\",\"@graph\":[{\"@type\":\"WebPage\",\"@id\":\"https:\/\/capsulehouseworks.com\/manufacturer\/sandwich-paper-box\/\",\"url\":\"https:\/\/capsulehouseworks.com\/manufacturer\/sandwich-paper-box\/\",\"name\":\"Sandwich Paper Box | Custom Paper Box for Sandwich - Capsule House Works\",\"isPartOf\":{\"@id\":\"https:\/\/capsulehouseworks.com\/#website\"},\"primaryImageOfPage\":{\"@id\":\"https:\/\/capsulehouseworks.com\/manufacturer\/sandwich-paper-box\/#primaryimage\"},\"image\":{\"@id\":\"https:\/\/capsulehouseworks.com\/manufacturer\/sandwich-paper-box\/#primaryimage\"},\"thumbnailUrl\":\"https:\/\/capsulehouseworks.com\/wp-content\/uploads\/2023\/06\/sandwich-paper-box.webp\",\"datePublished\":\"2023-06-08T08:15:42+00:00\",\"dateModified\":\"2023-06-08T09:04:35+00:00\",\"breadcrumb\":{\"@id\":\"https:\/\/capsulehouseworks.com\/manufacturer\/sandwich-paper-box\/#breadcrumb\"},\"inLanguage\":\"es\",\"potentialAction\":[{\"@type\":\"ReadAction\",\"target\":[\"https:\/\/capsulehouseworks.com\/manufacturer\/sandwich-paper-box\/\"]}]},{\"@type\":\"ImageObject\",\"inLanguage\":\"es\",\"@id\":\"https:\/\/capsulehouseworks.com\/manufacturer\/sandwich-paper-box\/#primaryimage\",\"url\":\"https:\/\/capsulehouseworks.com\/wp-content\/uploads\/2023\/06\/sandwich-paper-box.webp\",\"contentUrl\":\"https:\/\/capsulehouseworks.com\/wp-content\/uploads\/2023\/06\/sandwich-paper-box.webp\",\"width\":800,\"height\":800,\"caption\":\"sandwich paper box\"},{\"@type\":\"BreadcrumbList\",\"@id\":\"https:\/\/capsulehouseworks.com\/manufacturer\/sandwich-paper-box\/#breadcrumb\",\"itemListElement\":[{\"@type\":\"ListItem\",\"position\":1,\"name\":\"Home\",\"item\":\"https:\/\/capsulehouseworks.com\/\"},{\"@type\":\"ListItem\",\"position\":2,\"name\":\"Products\",\"item\":\"https:\/\/capsulehouseworks.com\/shop\/\"},{\"@type\":\"ListItem\",\"position\":3,\"name\":\"Sandwich Paper Box | Custom Paper Box for Sandwich\"}]},{\"@type\":\"WebSite\",\"@id\":\"https:\/\/capsulehouseworks.com\/#website\",\"url\":\"https:\/\/capsulehouseworks.com\/\",\"name\":\"Capsule House Works\",\"description\":\"The Premium Capsule House Manufacturer\",\"potentialAction\":[{\"@type\":\"SearchAction\",\"target\":{\"@type\":\"EntryPoint\",\"urlTemplate\":\"https:\/\/capsulehouseworks.com\/?s={search_term_string}\"},\"query-input\":\"required name=search_term_string\"}],\"inLanguage\":\"es\"}]}<\/script>\n<!-- \/ Yoast SEO plugin. -->","yoast_head_json":{"title":"Caja de papel para sandwich | Caja de papel a medida para sandwich - Capsule House Works","robots":{"index":"noindex","follow":"follow","max-snippet":"max-snippet:-1","max-image-preview":"max-image-preview:large","max-video-preview":"max-video-preview:-1"},"og_locale":"es_ES","og_type":"article","og_title":"Sandwich Paper Box | Custom Paper Box for Sandwich - Capsule House Works","og_description":"Professional OEM\/ODM Ebike manufacturing service:   Designing  Sampling  Production  Shipping  According to your personalized Ebike designs, or our original designs. Fully customized design, fabric, and pole material, color, size, weight, printed logo, and packaging.","og_url":"https:\/\/capsulehouseworks.com\/es\/manufacturer\/caja-de-papel-sandwich\/","og_site_name":"Capsule House Works","article_modified_time":"2023-06-08T09:04:35+00:00","og_image":[{"width":800,"height":800,"url":"https:\/\/capsulehouseworks.com\/wp-content\/uploads\/2023\/06\/sandwich-paper-box.webp","type":"image\/webp"}],"twitter_card":"summary_large_image","schema":{"@context":"https:\/\/schema.org","@graph":[{"@type":"WebPage","@id":"https:\/\/capsulehouseworks.com\/manufacturer\/sandwich-paper-box\/","url":"https:\/\/capsulehouseworks.com\/manufacturer\/sandwich-paper-box\/","name":"Caja de papel para sandwich | Caja de papel a medida para sandwich - Capsule House Works","isPartOf":{"@id":"https:\/\/capsulehouseworks.com\/#website"},"primaryImageOfPage":{"@id":"https:\/\/capsulehouseworks.com\/manufacturer\/sandwich-paper-box\/#primaryimage"},"image":{"@id":"https:\/\/capsulehouseworks.com\/manufacturer\/sandwich-paper-box\/#primaryimage"},"thumbnailUrl":"https:\/\/capsulehouseworks.com\/wp-content\/uploads\/2023\/06\/sandwich-paper-box.webp","datePublished":"2023-06-08T08:15:42+00:00","dateModified":"2023-06-08T09:04:35+00:00","breadcrumb":{"@id":"https:\/\/capsulehouseworks.com\/manufacturer\/sandwich-paper-box\/#breadcrumb"},"inLanguage":"es","potentialAction":[{"@type":"ReadAction","target":["https:\/\/capsulehouseworks.com\/manufacturer\/sandwich-paper-box\/"]}]},{"@type":"ImageObject","inLanguage":"es","@id":"https:\/\/capsulehouseworks.com\/manufacturer\/sandwich-paper-box\/#primaryimage","url":"https:\/\/capsulehouseworks.com\/wp-content\/uploads\/2023\/06\/sandwich-paper-box.webp","contentUrl":"https:\/\/capsulehouseworks.com\/wp-content\/uploads\/2023\/06\/sandwich-paper-box.webp","width":800,"height":800,"caption":"sandwich paper box"},{"@type":"BreadcrumbList","@id":"https:\/\/capsulehouseworks.com\/manufacturer\/sandwich-paper-box\/#breadcrumb","itemListElement":[{"@type":"ListItem","position":1,"name":"Home","item":"https:\/\/capsulehouseworks.com\/"},{"@type":"ListItem","position":2,"name":"Products","item":"https:\/\/capsulehouseworks.com\/shop\/"},{"@type":"ListItem","position":3,"name":"Sandwich Paper Box | Custom Paper Box for Sandwich"}]},{"@type":"WebSite","@id":"https:\/\/capsulehouseworks.com\/#website","url":"https:\/\/capsulehouseworks.com\/","name":"Obras de la Casa C\u00e1psula","description":"El fabricante premium de casas c\u00e1psula","potentialAction":[{"@type":"SearchAction","target":{"@type":"EntryPoint","urlTemplate":"https:\/\/capsulehouseworks.com\/?s={search_term_string}"},"query-input":"required name=search_term_string"}],"inLanguage":"es"}]}},"_links":{"self":[{"href":"https:\/\/capsulehouseworks.com\/es\/wp-json\/wp\/v2\/product\/1402","targetHints":{"allow":["GET"]}}],"collection":[{"href":"https:\/\/capsulehouseworks.com\/es\/wp-json\/wp\/v2\/product"}],"about":[{"href":"https:\/\/capsulehouseworks.com\/es\/wp-json\/wp\/v2\/types\/product"}],"wp:featuredmedia":[{"embeddable":true,"href":"https:\/\/capsulehouseworks.com\/es\/wp-json\/wp\/v2\/media\/1385"}],"wp:attachment":[{"href":"https:\/\/capsulehouseworks.com\/es\/wp-json\/wp\/v2\/media?parent=1402"}],"wp:term":[{"taxonomy":"product_brand","embeddable":true,"href":"https:\/\/capsulehouseworks.com\/es\/wp-json\/wp\/v2\/product_brand?post=1402"},{"taxonomy":"product_cat","embeddable":true,"href":"https:\/\/capsulehouseworks.com\/es\/wp-json\/wp\/v2\/product_cat?post=1402"},{"taxonomy":"product_tag","embeddable":true,"href":"https:\/\/capsulehouseworks.com\/es\/wp-json\/wp\/v2\/product_tag?post=1402"}],"curies":[{"name":"wp","href":"https:\/\/api.w.org\/{rel}","templated":true}]}}