{"id":1397,"date":"2023-06-08T07:51:40","date_gmt":"2023-06-08T07:51:40","guid":{"rendered":"https:\/\/capsulehouseworks.com\/?post_type=product&#038;p=1397"},"modified":"2023-06-08T07:54:06","modified_gmt":"2023-06-08T07:54:06","slug":"paper-box-for-cookies","status":"publish","type":"product","link":"https:\/\/capsulehouseworks.com\/es\/manufacturer\/caja-de-papel-para-galletas\/","title":{"rendered":"Caja de papel para galletas | Caja de papel para galletas"},"content":{"rendered":"<ul class=\"a-unordered-list a-vertical a-spacing-mini\">\n<li><span class=\"a-list-item\">\ud83c\udf6a<strong>SUPERCONJUNTO DE VALORES:<\/strong> Hay 100 cajas de la galleta de las PC con la ventana, el tama\u00f1o de cada caja es 4\u00d74 x2.5 pulgadas, y que pueden cubrir sus necesidades para empaquetar diversos postres. \u00a1Caja de la panader\u00eda ideal para las fresas de chocolate, galletas, pasteles, rosquillas, macarons y as\u00ed on.Please envolver sus regalos con ellos!<\/span><\/li>\n<li><span class=\"a-list-item\">\ud83c\udf6a<strong>HERMOSAS VENTANAS:<\/strong> La ventana transparente y bonita mostrar\u00e1 perfectamente su postre bien preparado, \u00a1y su familia o amigos estar\u00e1n muy contentos cuando reciban este regalo! Las cajas de reposter\u00eda tambi\u00e9n se pueden utilizar para exponer productos de reposter\u00eda que necesiten venderse.<\/span><\/li>\n<li><span class=\"a-list-item\">\ud83c\udf6a<strong>F\u00c1CIL DE MONTAR:<\/strong> La caja para galletas es plana y est\u00e1 previamente plegada para facilitar el montaje. Para conseguir el efecto perfecto, pli\u00e9guela previamente seg\u00fan la hendidura de la caja para galletas. La caja de galletas es f\u00e1cil de desmontar y guardar para su uso posterior.<\/span><\/li>\n<li><span class=\"a-list-item\">\ud83c\udf6a<strong>MATERIALES RESISTENTES:<\/strong> Estas cajas est\u00e1n hechas de cart\u00f3n de calidad alimentaria, s\u00f3lido y duradero. Las ventanas son de PET. El equipo TOMNK se compromete a dise\u00f1ar cajas de regalo \u00fanicas y exquisitas para usted.<\/span><\/li>\n<li><span class=\"a-list-item\">\ud83c\udf6a<strong>OCASIONES APLICABLES:<\/strong> Estas elegantes cajas para galletas son perfectas como regalos creativos para los invitados a cualquier evento, fiesta de cumplea\u00f1os, boda, vacaciones, celebraci\u00f3n de aniversarios. Tambi\u00e9n son envases ideales para cajas de galletas, cajas de caramelos, cajas de pasteler\u00eda y envases de regalo, \u00a1para que sus clientes disfruten de una experiencia de compra perfecta!<\/span><\/li>\n<\/ul>","protected":false},"excerpt":{"rendered":"<p>N\u00famero de modelo Y604U<\/p>\n<ol>\n<li>Una nueva soluci\u00f3n de etiquetado publicitario<\/li>\n<li>Un nuevo m\u00e9todo de impresi\u00f3n que utiliza tecnolog\u00eda de curado ultravioleta para crear dise\u00f1os sobre pel\u00edculas.<\/li>\n<li>Totalmente aplicable al campo del autoadhesivo<\/li>\n<li>Impresi\u00f3n y laminado todo en uno: mejore la eficacia de la producci\u00f3n y reduzca los costes de los insumos<\/li>\n<li>Color vibrante, antidecoloraci\u00f3n<\/li>\n<li>Personalizaci\u00f3n DIY, sin l\u00edmite de MOQ<\/li>\n<\/ol>","protected":false},"featured_media":1384,"template":"","meta":[],"product_brand":[],"product_cat":[15],"product_tag":[],"class_list":{"0":"post-1397","1":"product","2":"type-product","3":"status-publish","4":"has-post-thumbnail","6":"product_cat-paper-box-for-food","8":"first","9":"instock","10":"shipping-taxable","11":"product-type-simple"},"yoast_head":"<!-- This site is optimized with the Yoast SEO plugin v22.8 - https:\/\/yoast.com\/wordpress\/plugins\/seo\/ -->\n<title>Paper Box for Cookies | Paper Cookie Box - Capsule House Works<\/title>\n<meta name=\"robots\" content=\"noindex, follow, max-snippet:-1, max-image-preview:large, max-video-preview:-1\" \/>\n<meta property=\"og:locale\" content=\"es_ES\" \/>\n<meta property=\"og:type\" content=\"article\" \/>\n<meta property=\"og:title\" content=\"Paper Box for Cookies | Paper Cookie Box - Capsule House Works\" \/>\n<meta property=\"og:description\" content=\"Model Number Y604U   A new advertising label solution  A new printing method that uses ultraviolet curing technology to create designs on films.  Fully applicable to the field of self-adhesive  Printing and laminating all in one\u2013Improve production efficiency and reduce input costs  Vibrant color, anti-fading  DIY customization, no MOQ limit\" \/>\n<meta property=\"og:url\" content=\"https:\/\/capsulehouseworks.com\/es\/manufacturer\/caja-de-papel-para-galletas\/\" \/>\n<meta property=\"og:site_name\" content=\"Capsule House Works\" \/>\n<meta property=\"article:modified_time\" content=\"2023-06-08T07:54:06+00:00\" \/>\n<meta property=\"og:image\" content=\"https:\/\/capsulehouseworks.com\/wp-content\/uploads\/2023\/06\/paper-box-for-cookies.webp\" \/>\n\t<meta property=\"og:image:width\" content=\"800\" \/>\n\t<meta property=\"og:image:height\" content=\"800\" \/>\n\t<meta property=\"og:image:type\" content=\"image\/webp\" \/>\n<meta name=\"twitter:card\" content=\"summary_large_image\" \/>\n<script type=\"application\/ld+json\" class=\"yoast-schema-graph\">{\"@context\":\"https:\/\/schema.org\",\"@graph\":[{\"@type\":\"WebPage\",\"@id\":\"https:\/\/capsulehouseworks.com\/manufacturer\/paper-box-for-cookies\/\",\"url\":\"https:\/\/capsulehouseworks.com\/manufacturer\/paper-box-for-cookies\/\",\"name\":\"Paper Box for Cookies | Paper Cookie Box - Capsule House Works\",\"isPartOf\":{\"@id\":\"https:\/\/capsulehouseworks.com\/#website\"},\"primaryImageOfPage\":{\"@id\":\"https:\/\/capsulehouseworks.com\/manufacturer\/paper-box-for-cookies\/#primaryimage\"},\"image\":{\"@id\":\"https:\/\/capsulehouseworks.com\/manufacturer\/paper-box-for-cookies\/#primaryimage\"},\"thumbnailUrl\":\"https:\/\/capsulehouseworks.com\/wp-content\/uploads\/2023\/06\/paper-box-for-cookies.webp\",\"datePublished\":\"2023-06-08T07:51:40+00:00\",\"dateModified\":\"2023-06-08T07:54:06+00:00\",\"breadcrumb\":{\"@id\":\"https:\/\/capsulehouseworks.com\/manufacturer\/paper-box-for-cookies\/#breadcrumb\"},\"inLanguage\":\"es\",\"potentialAction\":[{\"@type\":\"ReadAction\",\"target\":[\"https:\/\/capsulehouseworks.com\/manufacturer\/paper-box-for-cookies\/\"]}]},{\"@type\":\"ImageObject\",\"inLanguage\":\"es\",\"@id\":\"https:\/\/capsulehouseworks.com\/manufacturer\/paper-box-for-cookies\/#primaryimage\",\"url\":\"https:\/\/capsulehouseworks.com\/wp-content\/uploads\/2023\/06\/paper-box-for-cookies.webp\",\"contentUrl\":\"https:\/\/capsulehouseworks.com\/wp-content\/uploads\/2023\/06\/paper-box-for-cookies.webp\",\"width\":800,\"height\":800,\"caption\":\"paper box for cookies\"},{\"@type\":\"BreadcrumbList\",\"@id\":\"https:\/\/capsulehouseworks.com\/manufacturer\/paper-box-for-cookies\/#breadcrumb\",\"itemListElement\":[{\"@type\":\"ListItem\",\"position\":1,\"name\":\"Home\",\"item\":\"https:\/\/capsulehouseworks.com\/\"},{\"@type\":\"ListItem\",\"position\":2,\"name\":\"Products\",\"item\":\"https:\/\/capsulehouseworks.com\/shop\/\"},{\"@type\":\"ListItem\",\"position\":3,\"name\":\"Paper Box for Cookies | Paper Cookie Box\"}]},{\"@type\":\"WebSite\",\"@id\":\"https:\/\/capsulehouseworks.com\/#website\",\"url\":\"https:\/\/capsulehouseworks.com\/\",\"name\":\"Capsule House Works\",\"description\":\"The Premium Capsule House Manufacturer\",\"potentialAction\":[{\"@type\":\"SearchAction\",\"target\":{\"@type\":\"EntryPoint\",\"urlTemplate\":\"https:\/\/capsulehouseworks.com\/?s={search_term_string}\"},\"query-input\":\"required name=search_term_string\"}],\"inLanguage\":\"es\"}]}<\/script>\n<!-- \/ Yoast SEO plugin. -->","yoast_head_json":{"title":"Caja de Papel para Galletas | Caja de Papel para Galletas - Capsule House Works","robots":{"index":"noindex","follow":"follow","max-snippet":"max-snippet:-1","max-image-preview":"max-image-preview:large","max-video-preview":"max-video-preview:-1"},"og_locale":"es_ES","og_type":"article","og_title":"Paper Box for Cookies | Paper Cookie Box - Capsule House Works","og_description":"Model Number Y604U   A new advertising label solution  A new printing method that uses ultraviolet curing technology to create designs on films.  Fully applicable to the field of self-adhesive  Printing and laminating all in one\u2013Improve production efficiency and reduce input costs  Vibrant color, anti-fading  DIY customization, no MOQ limit","og_url":"https:\/\/capsulehouseworks.com\/es\/manufacturer\/caja-de-papel-para-galletas\/","og_site_name":"Capsule House Works","article_modified_time":"2023-06-08T07:54:06+00:00","og_image":[{"width":800,"height":800,"url":"https:\/\/capsulehouseworks.com\/wp-content\/uploads\/2023\/06\/paper-box-for-cookies.webp","type":"image\/webp"}],"twitter_card":"summary_large_image","schema":{"@context":"https:\/\/schema.org","@graph":[{"@type":"WebPage","@id":"https:\/\/capsulehouseworks.com\/manufacturer\/paper-box-for-cookies\/","url":"https:\/\/capsulehouseworks.com\/manufacturer\/paper-box-for-cookies\/","name":"Caja de Papel para Galletas | Caja de Papel para Galletas - Capsule House Works","isPartOf":{"@id":"https:\/\/capsulehouseworks.com\/#website"},"primaryImageOfPage":{"@id":"https:\/\/capsulehouseworks.com\/manufacturer\/paper-box-for-cookies\/#primaryimage"},"image":{"@id":"https:\/\/capsulehouseworks.com\/manufacturer\/paper-box-for-cookies\/#primaryimage"},"thumbnailUrl":"https:\/\/capsulehouseworks.com\/wp-content\/uploads\/2023\/06\/paper-box-for-cookies.webp","datePublished":"2023-06-08T07:51:40+00:00","dateModified":"2023-06-08T07:54:06+00:00","breadcrumb":{"@id":"https:\/\/capsulehouseworks.com\/manufacturer\/paper-box-for-cookies\/#breadcrumb"},"inLanguage":"es","potentialAction":[{"@type":"ReadAction","target":["https:\/\/capsulehouseworks.com\/manufacturer\/paper-box-for-cookies\/"]}]},{"@type":"ImageObject","inLanguage":"es","@id":"https:\/\/capsulehouseworks.com\/manufacturer\/paper-box-for-cookies\/#primaryimage","url":"https:\/\/capsulehouseworks.com\/wp-content\/uploads\/2023\/06\/paper-box-for-cookies.webp","contentUrl":"https:\/\/capsulehouseworks.com\/wp-content\/uploads\/2023\/06\/paper-box-for-cookies.webp","width":800,"height":800,"caption":"paper box for cookies"},{"@type":"BreadcrumbList","@id":"https:\/\/capsulehouseworks.com\/manufacturer\/paper-box-for-cookies\/#breadcrumb","itemListElement":[{"@type":"ListItem","position":1,"name":"Home","item":"https:\/\/capsulehouseworks.com\/"},{"@type":"ListItem","position":2,"name":"Products","item":"https:\/\/capsulehouseworks.com\/shop\/"},{"@type":"ListItem","position":3,"name":"Paper Box for Cookies | Paper Cookie Box"}]},{"@type":"WebSite","@id":"https:\/\/capsulehouseworks.com\/#website","url":"https:\/\/capsulehouseworks.com\/","name":"Obras de la Casa C\u00e1psula","description":"El fabricante premium de casas c\u00e1psula","potentialAction":[{"@type":"SearchAction","target":{"@type":"EntryPoint","urlTemplate":"https:\/\/capsulehouseworks.com\/?s={search_term_string}"},"query-input":"required name=search_term_string"}],"inLanguage":"es"}]}},"_links":{"self":[{"href":"https:\/\/capsulehouseworks.com\/es\/wp-json\/wp\/v2\/product\/1397","targetHints":{"allow":["GET"]}}],"collection":[{"href":"https:\/\/capsulehouseworks.com\/es\/wp-json\/wp\/v2\/product"}],"about":[{"href":"https:\/\/capsulehouseworks.com\/es\/wp-json\/wp\/v2\/types\/product"}],"wp:featuredmedia":[{"embeddable":true,"href":"https:\/\/capsulehouseworks.com\/es\/wp-json\/wp\/v2\/media\/1384"}],"wp:attachment":[{"href":"https:\/\/capsulehouseworks.com\/es\/wp-json\/wp\/v2\/media?parent=1397"}],"wp:term":[{"taxonomy":"product_brand","embeddable":true,"href":"https:\/\/capsulehouseworks.com\/es\/wp-json\/wp\/v2\/product_brand?post=1397"},{"taxonomy":"product_cat","embeddable":true,"href":"https:\/\/capsulehouseworks.com\/es\/wp-json\/wp\/v2\/product_cat?post=1397"},{"taxonomy":"product_tag","embeddable":true,"href":"https:\/\/capsulehouseworks.com\/es\/wp-json\/wp\/v2\/product_tag?post=1397"}],"curies":[{"name":"wp","href":"https:\/\/api.w.org\/{rel}","templated":true}]}}