{"id":1393,"date":"2023-06-08T07:38:38","date_gmt":"2023-06-08T07:38:38","guid":{"rendered":"https:\/\/capsulehouseworks.com\/?post_type=product&#038;p=1393"},"modified":"2023-06-08T09:03:32","modified_gmt":"2023-06-08T09:03:32","slug":"paper-burger-box","status":"publish","type":"product","link":"https:\/\/capsulehouseworks.com\/es\/manufacturer\/caja-de-papel-para-hamburguesas\/","title":{"rendered":"Caja de papel para hamburguesas | Caja para hamburguesas"},"content":{"rendered":"<div id=\"featurebullets_feature_div\" class=\"celwidget\" data-feature-name=\"featurebullets\" data-csa-c-type=\"widget\" data-csa-c-content-id=\"featurebullets\" data-csa-c-slot-id=\"featurebullets_feature_div\" data-csa-c-asin=\"B07DF32D6Q\" data-csa-c-is-in-initial-active-row=\"false\" data-csa-c-id=\"3j0pnl-7cjnp-9t8psx-tspeog\">\n<div id=\"feature-bullets\" class=\"a-section a-spacing-medium a-spacing-top-small\">\n<ul class=\"a-unordered-list a-vertical a-spacing-mini\">\n<li>\n<div data-zone-id=\"0\" data-line-index=\"0\" data-line=\"true\">\n<div data-zone-id=\"0\" data-line-index=\"0\" data-line=\"true\">\ud83c\udf54 <strong style=\"font-size: 14.4px;\">MANTENER LOS ALIMENTOS PROTEGIDOS:<\/strong><span style=\"font-size: 14.4px;\"> Estas duraderas cajas de papel de 2,5 pulgadas cuentan con pr\u00e1cticos cierres con pesta\u00f1a dise\u00f1ados para mantener los alimentos seguros e intactos.<\/span><\/div>\n<\/div>\n<\/li>\n<li><span class=\"a-list-item\"><strong>\ud83c\udf54 RESPETUOSO CON LA NATURALEZA Y RECICLABLE:<\/strong> Fabricadas con papel reciclable 100% de primera calidad, estas cajas en miniatura ofrecen una soluci\u00f3n de almacenamiento respetuosa con el medio ambiente para aperitivos y golosinas envasados individualmente.<\/span><\/li>\n<li><span class=\"a-list-item\"><strong>\ud83c\udf54 MAXIMIZAR LA PORTABILIDAD:<\/strong> Facilite el almacenamiento, el transporte y el servicio de minipizzas, hamburguesas, tartas, galletas y mucho m\u00e1s.<\/span><\/li>\n<li><span class=\"a-list-item\"><strong>\ud83c\udf54 DISPONIBLE A GRANEL:<\/strong> Se ofrecen en cajas de 100 unidades a granel con precios al por mayor asequibles para que no se quede sin existencias y sin salirse del presupuesto.<\/span><\/li>\n<li><span class=\"a-list-item\"><strong>\ud83c\udf54 PERFECTO PARA BODAS, EVENTOS ESPECIALES Y FIESTAS CON CATERING:<\/strong> Aporte un toque inolvidable a aperitivos, postres y recuerdos de fiestas con estas cajas \u00fanicas.<\/span><\/li>\n<\/ul>\n<\/div>\n<\/div>\n<div id=\"acf-carousel_feature_div\" class=\"celwidget\" data-feature-name=\"acf-carousel\" data-csa-c-type=\"widget\" data-csa-c-content-id=\"acf-carousel\" data-csa-c-slot-id=\"acf-carousel_feature_div\" data-csa-c-asin=\"B07DF32D6Q\" data-csa-c-is-in-initial-active-row=\"false\" data-csa-c-id=\"oqpgyr-mh4egp-nntzd2-kyiiqq\">\u00a0<\/div>\n<div id=\"provenanceCertifications_feature_div\" class=\"celwidget\" data-feature-name=\"provenanceCertifications\" data-csa-c-type=\"widget\" data-csa-c-content-id=\"provenanceCertifications\" data-csa-c-slot-id=\"provenanceCertifications_feature_div\" data-csa-c-asin=\"B07DF32D6Q\" data-csa-c-is-in-initial-active-row=\"false\" data-csa-c-id=\"6t8ho-xbknmj-nqaso5-ne24gd\">\n<div id=\"provenance-certifications\" class=\"a-section a-spacing-medium a-spacing-top-micro\">\u00a0<\/div>\n<\/div>","protected":false},"excerpt":{"rendered":"<p>Jastar Custom Paper Burger Box Fabricante y proveedor en China<\/p>\n<p>- MOQ: 1000pcs<br \/>\n- Se ofrece servicio OEM\/ODM<br \/>\n- Muestra gratuita disponible<br \/>\n- Aceptar la personalizaci\u00f3n (especificaciones, color, dise\u00f1o, etc.)<\/p>\n<p>Si desea obtener precios de cajas de papel, p\u00f3ngase en contacto con nosotros.<\/p>","protected":false},"featured_media":1383,"template":"","meta":[],"product_brand":[],"product_cat":[15],"product_tag":[],"class_list":{"0":"post-1393","1":"product","2":"type-product","3":"status-publish","4":"has-post-thumbnail","6":"product_cat-paper-box-for-food","8":"first","9":"instock","10":"shipping-taxable","11":"product-type-simple"},"yoast_head":"<!-- This site is optimized with the Yoast SEO plugin v22.8 - https:\/\/yoast.com\/wordpress\/plugins\/seo\/ -->\n<title>Paper Burger Box | Hamburger Box - Capsule House Works<\/title>\n<meta name=\"robots\" content=\"noindex, follow, max-snippet:-1, max-image-preview:large, max-video-preview:-1\" \/>\n<meta property=\"og:locale\" content=\"es_ES\" \/>\n<meta property=\"og:type\" content=\"article\" \/>\n<meta property=\"og:title\" content=\"Paper Burger Box | Hamburger Box - Capsule House Works\" \/>\n<meta property=\"og:description\" content=\"Jastar Custom Paper Burger Box Manufacturer and Supplier in China  \u2013 MOQ: 1000pcs \u2013 OEM\/ODM service offered \u2013 Free sample available \u2013 Accept customization (specifications, color, design, etc.)  If you want to get paper box prices, please get in touch with us.\" \/>\n<meta property=\"og:url\" content=\"https:\/\/capsulehouseworks.com\/es\/manufacturer\/caja-de-papel-para-hamburguesas\/\" \/>\n<meta property=\"og:site_name\" content=\"Capsule House Works\" \/>\n<meta property=\"article:modified_time\" content=\"2023-06-08T09:03:32+00:00\" \/>\n<meta property=\"og:image\" content=\"https:\/\/capsulehouseworks.com\/wp-content\/uploads\/2023\/06\/paper-burger-box.webp\" \/>\n\t<meta property=\"og:image:width\" content=\"800\" \/>\n\t<meta property=\"og:image:height\" content=\"800\" \/>\n\t<meta property=\"og:image:type\" content=\"image\/webp\" \/>\n<meta name=\"twitter:card\" content=\"summary_large_image\" \/>\n<script type=\"application\/ld+json\" class=\"yoast-schema-graph\">{\"@context\":\"https:\/\/schema.org\",\"@graph\":[{\"@type\":\"WebPage\",\"@id\":\"https:\/\/capsulehouseworks.com\/manufacturer\/paper-burger-box\/\",\"url\":\"https:\/\/capsulehouseworks.com\/manufacturer\/paper-burger-box\/\",\"name\":\"Paper Burger Box | Hamburger Box - Capsule House Works\",\"isPartOf\":{\"@id\":\"https:\/\/capsulehouseworks.com\/#website\"},\"primaryImageOfPage\":{\"@id\":\"https:\/\/capsulehouseworks.com\/manufacturer\/paper-burger-box\/#primaryimage\"},\"image\":{\"@id\":\"https:\/\/capsulehouseworks.com\/manufacturer\/paper-burger-box\/#primaryimage\"},\"thumbnailUrl\":\"https:\/\/capsulehouseworks.com\/wp-content\/uploads\/2023\/06\/paper-burger-box.webp\",\"datePublished\":\"2023-06-08T07:38:38+00:00\",\"dateModified\":\"2023-06-08T09:03:32+00:00\",\"breadcrumb\":{\"@id\":\"https:\/\/capsulehouseworks.com\/manufacturer\/paper-burger-box\/#breadcrumb\"},\"inLanguage\":\"es\",\"potentialAction\":[{\"@type\":\"ReadAction\",\"target\":[\"https:\/\/capsulehouseworks.com\/manufacturer\/paper-burger-box\/\"]}]},{\"@type\":\"ImageObject\",\"inLanguage\":\"es\",\"@id\":\"https:\/\/capsulehouseworks.com\/manufacturer\/paper-burger-box\/#primaryimage\",\"url\":\"https:\/\/capsulehouseworks.com\/wp-content\/uploads\/2023\/06\/paper-burger-box.webp\",\"contentUrl\":\"https:\/\/capsulehouseworks.com\/wp-content\/uploads\/2023\/06\/paper-burger-box.webp\",\"width\":800,\"height\":800,\"caption\":\"paper burger box\"},{\"@type\":\"BreadcrumbList\",\"@id\":\"https:\/\/capsulehouseworks.com\/manufacturer\/paper-burger-box\/#breadcrumb\",\"itemListElement\":[{\"@type\":\"ListItem\",\"position\":1,\"name\":\"Home\",\"item\":\"https:\/\/capsulehouseworks.com\/\"},{\"@type\":\"ListItem\",\"position\":2,\"name\":\"Products\",\"item\":\"https:\/\/capsulehouseworks.com\/shop\/\"},{\"@type\":\"ListItem\",\"position\":3,\"name\":\"Paper Burger Box | Hamburger Box\"}]},{\"@type\":\"WebSite\",\"@id\":\"https:\/\/capsulehouseworks.com\/#website\",\"url\":\"https:\/\/capsulehouseworks.com\/\",\"name\":\"Capsule House Works\",\"description\":\"The Premium Capsule House Manufacturer\",\"potentialAction\":[{\"@type\":\"SearchAction\",\"target\":{\"@type\":\"EntryPoint\",\"urlTemplate\":\"https:\/\/capsulehouseworks.com\/?s={search_term_string}\"},\"query-input\":\"required name=search_term_string\"}],\"inLanguage\":\"es\"}]}<\/script>\n<!-- \/ Yoast SEO plugin. -->","yoast_head_json":{"title":"Caja de papel para hamburguesas - Capsule House Works","robots":{"index":"noindex","follow":"follow","max-snippet":"max-snippet:-1","max-image-preview":"max-image-preview:large","max-video-preview":"max-video-preview:-1"},"og_locale":"es_ES","og_type":"article","og_title":"Paper Burger Box | Hamburger Box - Capsule House Works","og_description":"Jastar Custom Paper Burger Box Manufacturer and Supplier in China  \u2013 MOQ: 1000pcs \u2013 OEM\/ODM service offered \u2013 Free sample available \u2013 Accept customization (specifications, color, design, etc.)  If you want to get paper box prices, please get in touch with us.","og_url":"https:\/\/capsulehouseworks.com\/es\/manufacturer\/caja-de-papel-para-hamburguesas\/","og_site_name":"Capsule House Works","article_modified_time":"2023-06-08T09:03:32+00:00","og_image":[{"width":800,"height":800,"url":"https:\/\/capsulehouseworks.com\/wp-content\/uploads\/2023\/06\/paper-burger-box.webp","type":"image\/webp"}],"twitter_card":"summary_large_image","schema":{"@context":"https:\/\/schema.org","@graph":[{"@type":"WebPage","@id":"https:\/\/capsulehouseworks.com\/manufacturer\/paper-burger-box\/","url":"https:\/\/capsulehouseworks.com\/manufacturer\/paper-burger-box\/","name":"Caja de papel para hamburguesas - Capsule House Works","isPartOf":{"@id":"https:\/\/capsulehouseworks.com\/#website"},"primaryImageOfPage":{"@id":"https:\/\/capsulehouseworks.com\/manufacturer\/paper-burger-box\/#primaryimage"},"image":{"@id":"https:\/\/capsulehouseworks.com\/manufacturer\/paper-burger-box\/#primaryimage"},"thumbnailUrl":"https:\/\/capsulehouseworks.com\/wp-content\/uploads\/2023\/06\/paper-burger-box.webp","datePublished":"2023-06-08T07:38:38+00:00","dateModified":"2023-06-08T09:03:32+00:00","breadcrumb":{"@id":"https:\/\/capsulehouseworks.com\/manufacturer\/paper-burger-box\/#breadcrumb"},"inLanguage":"es","potentialAction":[{"@type":"ReadAction","target":["https:\/\/capsulehouseworks.com\/manufacturer\/paper-burger-box\/"]}]},{"@type":"ImageObject","inLanguage":"es","@id":"https:\/\/capsulehouseworks.com\/manufacturer\/paper-burger-box\/#primaryimage","url":"https:\/\/capsulehouseworks.com\/wp-content\/uploads\/2023\/06\/paper-burger-box.webp","contentUrl":"https:\/\/capsulehouseworks.com\/wp-content\/uploads\/2023\/06\/paper-burger-box.webp","width":800,"height":800,"caption":"paper burger box"},{"@type":"BreadcrumbList","@id":"https:\/\/capsulehouseworks.com\/manufacturer\/paper-burger-box\/#breadcrumb","itemListElement":[{"@type":"ListItem","position":1,"name":"Home","item":"https:\/\/capsulehouseworks.com\/"},{"@type":"ListItem","position":2,"name":"Products","item":"https:\/\/capsulehouseworks.com\/shop\/"},{"@type":"ListItem","position":3,"name":"Paper Burger Box | Hamburger Box"}]},{"@type":"WebSite","@id":"https:\/\/capsulehouseworks.com\/#website","url":"https:\/\/capsulehouseworks.com\/","name":"Obras de la Casa C\u00e1psula","description":"El fabricante premium de casas c\u00e1psula","potentialAction":[{"@type":"SearchAction","target":{"@type":"EntryPoint","urlTemplate":"https:\/\/capsulehouseworks.com\/?s={search_term_string}"},"query-input":"required name=search_term_string"}],"inLanguage":"es"}]}},"_links":{"self":[{"href":"https:\/\/capsulehouseworks.com\/es\/wp-json\/wp\/v2\/product\/1393","targetHints":{"allow":["GET"]}}],"collection":[{"href":"https:\/\/capsulehouseworks.com\/es\/wp-json\/wp\/v2\/product"}],"about":[{"href":"https:\/\/capsulehouseworks.com\/es\/wp-json\/wp\/v2\/types\/product"}],"wp:featuredmedia":[{"embeddable":true,"href":"https:\/\/capsulehouseworks.com\/es\/wp-json\/wp\/v2\/media\/1383"}],"wp:attachment":[{"href":"https:\/\/capsulehouseworks.com\/es\/wp-json\/wp\/v2\/media?parent=1393"}],"wp:term":[{"taxonomy":"product_brand","embeddable":true,"href":"https:\/\/capsulehouseworks.com\/es\/wp-json\/wp\/v2\/product_brand?post=1393"},{"taxonomy":"product_cat","embeddable":true,"href":"https:\/\/capsulehouseworks.com\/es\/wp-json\/wp\/v2\/product_cat?post=1393"},{"taxonomy":"product_tag","embeddable":true,"href":"https:\/\/capsulehouseworks.com\/es\/wp-json\/wp\/v2\/product_tag?post=1393"}],"curies":[{"name":"wp","href":"https:\/\/api.w.org\/{rel}","templated":true}]}}