{"id":25,"date":"2023-03-05T10:39:43","date_gmt":"2023-03-05T10:39:43","guid":{"rendered":"https:\/\/capsulehouseworks.com\/?page_id=25"},"modified":"2023-04-24T03:44:27","modified_gmt":"2023-04-24T03:44:27","slug":"about","status":"publish","type":"page","link":"https:\/\/capsulehouseworks.com\/es\/acerca-de\/","title":{"rendered":"Acerca de"},"content":{"rendered":"<section class=\"section\" id=\"section_954380928\">\n\t\t<div class=\"bg section-bg fill bg-fill  bg-loaded\" >\n\n\t\t\t\n\t\t\t\n\t\t\t\n\n\t\t<\/div>\n\n\t\t\n\n\t\t<div class=\"section-content relative\">\n\t\t\t\n<div class=\"row align-equal\"  id=\"row-2090667755\">\n\n\t<div id=\"col-1578328069\" class=\"col medium-12 small-12 large-6 medium-col-first\"  >\n\t\t\t\t<div class=\"col-inner\"  >\n\t\t\t\n\t\t\t\n\t<div id=\"gap-1076781423\" class=\"gap-element clearfix\" style=\"display:block; height:auto;\">\n\t\t\n<style>\n#gap-1076781423 {\n  padding-top: 5px;\n}\n<\/style>\n\t<\/div>\n\t\n\t<div id=\"text-2275907945\" class=\"text\">\n\t\t\n<h2>INFORMACI\u00d3N SOBRE LA EMPRESA<\/h2>\n\t\t\n<style>\n#text-2275907945 {\n  font-size: 1rem;\n}\n@media (min-width:550px) {\n  #text-2275907945 {\n    font-size: 1rem;\n  }\n}\n@media (min-width:850px) {\n  #text-2275907945 {\n    font-size: 1.4rem;\n  }\n}\n<\/style>\n\t<\/div>\n\t\n<div class=\"is-divider divider clearfix\" style=\"max-width:50px;height:4px;background-color:rgb(59, 181, 76);\"><\/div>\n\t<div id=\"gap-2130335856\" class=\"gap-element clearfix hide-for-small\" style=\"display:block; height:auto;\">\n\t\t\n<style>\n#gap-2130335856 {\n  padding-top: 20px;\n}\n<\/style>\n\t<\/div>\n\t\n<div>Fundada y con sede en Londres, somos una empresa de tecnolog\u00eda y fabricaci\u00f3n en l\u00ednea a la que le apasiona el gran dise\u00f1o y la diferencia que puede marcar en nuestros clientes y en el mundo. Dise\u00f1amos, fabricamos y vendemos productos premium de impresi\u00f3n y merchandising de marca a nuestros clientes corporativos de todo el mundo.<\/div>\n<div><\/div>\n<div>Queremos establecer un nuevo est\u00e1ndar para la impresi\u00f3n, con nuevos y extraordinarios productos que aporten a la web un gran dise\u00f1o y un alto nivel de exigencia sin concesiones. Mientras muchos otros<\/div>\n\t<div id=\"gap-1450456437\" class=\"gap-element clearfix\" style=\"display:block; height:auto;\">\n\t\t\n<style>\n#gap-1450456437 {\n  padding-top: 30px;\n}\n<\/style>\n\t<\/div>\n\t\n<a href=\"https:\/\/capsulehouseworks.com\/es\/pongase-en-contacto-con\/\" class=\"button primary\"  style=\"border-radius:99px;\">\n    <span>P\u00f3ngase en contacto con nosotros<\/span>\n  <\/a>\n\n\t\t<\/div>\n\t\t\t\t\n<style>\n#col-1578328069 > .col-inner {\n  padding: 0px 0px 0px 0px;\n}\n@media (min-width:550px) {\n  #col-1578328069 > .col-inner {\n    padding: 0px 0px 0px 0px;\n  }\n}\n@media (min-width:850px) {\n  #col-1578328069 > .col-inner {\n    padding: 0px 20px 0px 0px;\n  }\n}\n<\/style>\n\t<\/div>\n\n\t\n\n\t<div id=\"col-1547671750\" class=\"col medium-12 small-12 large-6\"  >\n\t\t\t\t<div class=\"col-inner\"  >\n\t\t\t\n\t\t\t\n\t<div class=\"img has-hover x md-x lg-x y md-y lg-y\" id=\"image_2067573906\">\n\t\t\t\t\t\t\t\t<div class=\"img-inner image-cover box-shadow-1 box-shadow-5-hover dark\" style=\"padding-top:70%;\">\n\t\t\t<img loading=\"lazy\" decoding=\"async\" width=\"700\" height=\"450\" src=\"https:\/\/capsulehouseworks.com\/wp-content\/uploads\/2023\/04\/about-us-factory.webp\" class=\"attachment-original size-original\" alt=\"\" srcset=\"https:\/\/capsulehouseworks.com\/wp-content\/uploads\/2023\/04\/about-us-factory.webp 700w, https:\/\/capsulehouseworks.com\/wp-content\/uploads\/2023\/04\/about-us-factory-300x193.webp 300w, https:\/\/capsulehouseworks.com\/wp-content\/uploads\/2023\/04\/about-us-factory-600x386.webp 600w\" sizes=\"auto, (max-width: 700px) 100vw, 700px\" \/>\t\t\t\t\t\t\n\t\t\t\t\t<\/div>\n\t\t\t\t\t\t\t\t\n<style>\n#image_2067573906 {\n  width: 100%;\n}\n<\/style>\n\t<\/div>\n\t\n\t\t<\/div>\n\t\t\t\t\n<style>\n#col-1547671750 > .col-inner {\n  padding: 0px 0px 0px 0px;\n  border-radius: 8px;\n}\n@media (min-width:550px) {\n  #col-1547671750 > .col-inner {\n    padding: 0px 0px 0px 0px;\n  }\n}\n@media (min-width:850px) {\n  #col-1547671750 > .col-inner {\n    padding: 0px 0px 0px 20px;\n  }\n}\n<\/style>\n\t<\/div>\n\n\t\n<\/div>\n\t\t<\/div>\n\n\t\t\n<style>\n#section_954380928 {\n  padding-top: 30px;\n  padding-bottom: 30px;\n}\n@media (min-width:550px) {\n  #section_954380928 {\n    padding-top: 30px;\n    padding-bottom: 30px;\n  }\n}\n@media (min-width:850px) {\n  #section_954380928 {\n    padding-top: 80px;\n    padding-bottom: 80px;\n  }\n}\n<\/style>\n\t<\/section>\n\t\n\n\n\t<section class=\"section\" id=\"section_1882660920\">\n\t\t<div class=\"bg section-bg fill bg-fill  bg-loaded\" >\n\n\t\t\t\n\t\t\t<div class=\"section-bg-overlay absolute fill\"><\/div>\n\t\t\t\n\n\t\t<\/div>\n\n\t\t\n\n\t\t<div class=\"section-content relative\">\n\t\t\t\n\t<div id=\"gap-86997891\" class=\"gap-element clearfix\" style=\"display:block; height:auto;\">\n\t\t\n<style>\n#gap-86997891 {\n  padding-top: 30px;\n}\n<\/style>\n\t<\/div>\n\t\n<div class=\"row align-center\"  id=\"row-423116086\">\n\n\t<div id=\"col-838582708\" class=\"col medium-10 small-12 large-10\"  >\n\t\t\t\t<div class=\"col-inner\"  >\n\t\t\t\n\t\t\t\n\t<div id=\"text-3033855862\" class=\"text\">\n\t\t\n<h2>SIEMPRE LO AUT\u00c9NTICO, SIEMPRE JOYAS (ESLOGAN)<\/h2>\n\t\t\n<style>\n#text-3033855862 {\n  font-size: 1.35rem;\n  text-align: center;\n  color: rgb(255,255,255);\n}\n#text-3033855862 > * {\n  color: rgb(255,255,255);\n}\n<\/style>\n\t<\/div>\n\t\n<div class=\"text-center\"><div class=\"is-divider divider clearfix\" style=\"background-color:rgb(255, 255, 255);\"><\/div><\/div>\n\t\t<\/div>\n\t\t\t\t\n<style>\n#col-838582708 > .col-inner {\n  margin: 0px 0px -20px 0px;\n}\n<\/style>\n\t<\/div>\n\n\t\n<\/div>\n<div class=\"row\"  id=\"row-562609050\">\n\n\t<div id=\"col-551818936\" class=\"col small-12 large-12\"  >\n\t\t\t\t<div class=\"col-inner text-center\"  >\n\t\t\t\n\t\t\t\n<a href=\"\/es\/shop\/\" class=\"button white\"  style=\"border-radius:99px;\">\n    <span>M\u00e1s informaci\u00f3n<\/span>\n  <\/a>\n\n\t\t<\/div>\n\t\t\t\t\n<style>\n#col-551818936 > .col-inner {\n  margin: 0px 0px -20px 0px;\n}\n<\/style>\n\t<\/div>\n\n\t\n<\/div>\n\t\t<\/div>\n\n\t\t\n<style>\n#section_1882660920 {\n  padding-top: 30px;\n  padding-bottom: 30px;\n}\n#section_1882660920 .section-bg-overlay {\n  background-color: #3ab54b;\n}\n<\/style>\n\t<\/section>\n\t\n\t<section class=\"section\" id=\"section_903938665\">\n\t\t<div class=\"bg section-bg fill bg-fill  bg-loaded\" >\n\n\t\t\t\n\t\t\t\n\t\t\t\n\n\t\t<\/div>\n\n\t\t\n\n\t\t<div class=\"section-content relative\">\n\t\t\t\n<div class=\"row\"  id=\"row-1565694146\">\n\n\t<div id=\"col-947336217\" class=\"col small-12 large-12\"  >\n\t\t\t\t<div class=\"col-inner\"  >\n\t\t\t\n\t\t\t\n\t<div id=\"gap-1434534792\" class=\"gap-element clearfix hide-for-medium\" style=\"display:block; height:auto;\">\n\t\t\n<style>\n#gap-1434534792 {\n  padding-top: 30px;\n}\n<\/style>\n\t<\/div>\n\t\n\t\t<\/div>\n\t\t\t\t\n<style>\n#col-947336217 > .col-inner {\n  margin: 0px 0px -20px 0px;\n}\n<\/style>\n\t<\/div>\n\n\t\n<\/div>\n<div class=\"row align-equal\" style=\"max-width:1400px\" id=\"row-974176234\">\n\n\t<div id=\"col-200508955\" class=\"col medium-12 small-12 large-6\"  >\n\t\t\t\t<div class=\"col-inner\"  >\n\t\t\t\n\t\t\t\n\t<div class=\"img has-hover x md-x lg-x y md-y lg-y\" id=\"image_2075113230\">\n\t\t\t\t\t\t\t\t<div class=\"img-inner box-shadow-1 box-shadow-5-hover dark\" >\n\t\t\t<img loading=\"lazy\" decoding=\"async\" width=\"700\" height=\"450\" src=\"https:\/\/capsulehouseworks.com\/wp-content\/uploads\/2023\/04\/team-700-450-.webp\" class=\"attachment-original size-original\" alt=\"\" srcset=\"https:\/\/capsulehouseworks.com\/wp-content\/uploads\/2023\/04\/team-700-450-.webp 700w, https:\/\/capsulehouseworks.com\/wp-content\/uploads\/2023\/04\/team-700-450--300x193.webp 300w, https:\/\/capsulehouseworks.com\/wp-content\/uploads\/2023\/04\/team-700-450--600x386.webp 600w\" sizes=\"auto, (max-width: 700px) 100vw, 700px\" \/>\t\t\t\t\t\t\n\t\t\t\t\t<\/div>\n\t\t\t\t\t\t\t\t\n<style>\n#image_2075113230 {\n  width: 100%;\n}\n@media (min-width:550px) {\n  #image_2075113230 {\n    width: 100%;\n  }\n}\n<\/style>\n\t<\/div>\n\t\n\t\t<\/div>\n\t\t\t\t\n<style>\n#col-200508955 > .col-inner {\n  padding: 0px 0px 0px 0px;\n}\n@media (min-width:550px) {\n  #col-200508955 > .col-inner {\n    padding: 0px 0px 0px 0px;\n  }\n}\n@media (min-width:850px) {\n  #col-200508955 > .col-inner {\n    padding: 0px 30px 0px 0px;\n  }\n}\n<\/style>\n\t<\/div>\n\n\t\n\n\t<div id=\"col-92315855\" class=\"col medium-12 small-12 large-6 medium-col-first\"  >\n\t\t\t\t<div class=\"col-inner\"  >\n\t\t\t\n\t\t\t\n\t<div id=\"text-2835627932\" class=\"text\">\n\t\t\n<h2>EQUIPO CORPORATIVO<\/h2>\n\t\t\n<style>\n#text-2835627932 {\n  font-size: 1rem;\n}\n@media (min-width:550px) {\n  #text-2835627932 {\n    font-size: 1rem;\n  }\n}\n@media (min-width:850px) {\n  #text-2835627932 {\n    font-size: 1.3rem;\n  }\n}\n<\/style>\n\t<\/div>\n\t\n<div class=\"is-divider divider clearfix\" style=\"max-width:50px;height:4px;background-color:rgb(59, 181, 76);\"><\/div>\n\t<div id=\"gap-1956011559\" class=\"gap-element clearfix\" style=\"display:block; height:auto;\">\n\t\t\n<style>\n#gap-1956011559 {\n  padding-top: 20px;\n}\n<\/style>\n\t<\/div>\n\t\n<div>Fundada y con sede en Londres, somos una empresa de tecnolog\u00eda y fabricaci\u00f3n en l\u00ednea a la que le apasiona el gran dise\u00f1o y la diferencia que puede marcar en nuestros clientes y en el mundo. Dise\u00f1amos, fabricamos y vendemos productos premium de impresi\u00f3n y merchandising de marca a nuestros clientes corporativos de todo el mundo.<\/div>\n<div>\u00a0<\/div>\n<div>Queremos establecer un nuevo est\u00e1ndar para la impresi\u00f3n, con nuevos y extraordinarios productos que aporten a la web un gran dise\u00f1o y un alto nivel de calidad sin concesiones. Mientras que muchas otras imprentas han optado por utilizar las nuevas tecnolog\u00edas simplemente para reducir los costes de impresi\u00f3n (y a menudo la calidad), nosotros nos esforzamos por hacer que la impresi\u00f3n no solo sea rentable, sino mejor que nunca.<\/div>\n\t<div id=\"gap-1022446803\" class=\"gap-element clearfix\" style=\"display:block; height:auto;\">\n\t\t\n<style>\n#gap-1022446803 {\n  padding-top: 30px;\n}\n<\/style>\n\t<\/div>\n\t\n<a href=\"https:\/\/capsulehouseworks.com\/es\/pongase-en-contacto-con\/\" class=\"button primary\"  style=\"border-radius:99px;\">\n    <span>\u00danete a nosotros<\/span>\n  <\/a>\n\n\t\t<\/div>\n\t\t\t\t\n<style>\n#col-92315855 > .col-inner {\n  padding: 0px 0px 0px 0px;\n}\n@media (min-width:550px) {\n  #col-92315855 > .col-inner {\n    padding: 0px 0px 0px 0px;\n  }\n}\n@media (min-width:850px) {\n  #col-92315855 > .col-inner {\n    padding: 0px 90px 0px 30px;\n  }\n}\n<\/style>\n\t<\/div>\n\n\t\n<\/div>\n<div class=\"row align-middle align-center\"  id=\"row-104114329\">\n\n\t<div id=\"col-1803289398\" class=\"col medium-6 small-12 large-6\"  >\n\t\t\t\t<div class=\"col-inner\"  >\n\t\t\t\n\t\t\t\n\t<div id=\"gap-814757239\" class=\"gap-element clearfix\" style=\"display:block; height:auto;\">\n\t\t\n<style>\n#gap-814757239 {\n  padding-top: 0px;\n}\n<\/style>\n\t<\/div>\n\t\n\t\t<\/div>\n\t\t\t\t\t<\/div>\n\n\t\n<\/div>\n\t\t<\/div>\n\n\t\t\n<style>\n#section_903938665 {\n  padding-top: 0px;\n  padding-bottom: 0px;\n}\n@media (min-width:550px) {\n  #section_903938665 {\n    padding-top: 0px;\n    padding-bottom: 0px;\n  }\n}\n@media (min-width:850px) {\n  #section_903938665 {\n    padding-top: 50px;\n    padding-bottom: 50px;\n  }\n}\n<\/style>\n\t<\/section>","protected":false},"excerpt":{"rendered":"","protected":false},"author":1,"featured_media":0,"parent":0,"menu_order":0,"comment_status":"closed","ping_status":"closed","template":"page-blank.php","meta":{"footnotes":""},"class_list":["post-25","page","type-page","status-publish","hentry"],"yoast_head":"<!-- This site is optimized with the Yoast SEO plugin v22.8 - https:\/\/yoast.com\/wordpress\/plugins\/seo\/ -->\n<title>About - Capsule House Works<\/title>\n<meta name=\"robots\" content=\"noindex, follow, max-snippet:-1, max-image-preview:large, max-video-preview:-1\" \/>\n<meta property=\"og:locale\" content=\"es_ES\" \/>\n<meta property=\"og:type\" content=\"article\" \/>\n<meta property=\"og:title\" content=\"About - Capsule House Works\" \/>\n<meta property=\"og:url\" content=\"https:\/\/capsulehouseworks.com\/es\/acerca-de\/\" \/>\n<meta property=\"og:site_name\" content=\"Capsule House Works\" \/>\n<meta property=\"article:modified_time\" content=\"2023-04-24T03:44:27+00:00\" \/>\n<meta name=\"twitter:card\" content=\"summary_large_image\" \/>\n<meta name=\"twitter:label1\" content=\"Tiempo de lectura\" \/>\n\t<meta name=\"twitter:data1\" content=\"4 minutos\" \/>\n<script type=\"application\/ld+json\" class=\"yoast-schema-graph\">{\"@context\":\"https:\/\/schema.org\",\"@graph\":[{\"@type\":\"WebPage\",\"@id\":\"https:\/\/capsulehouseworks.com\/about\/\",\"url\":\"https:\/\/capsulehouseworks.com\/about\/\",\"name\":\"About - Capsule House Works\",\"isPartOf\":{\"@id\":\"https:\/\/capsulehouseworks.com\/#website\"},\"datePublished\":\"2023-03-05T10:39:43+00:00\",\"dateModified\":\"2023-04-24T03:44:27+00:00\",\"breadcrumb\":{\"@id\":\"https:\/\/capsulehouseworks.com\/about\/#breadcrumb\"},\"inLanguage\":\"es\",\"potentialAction\":[{\"@type\":\"ReadAction\",\"target\":[\"https:\/\/capsulehouseworks.com\/about\/\"]}]},{\"@type\":\"BreadcrumbList\",\"@id\":\"https:\/\/capsulehouseworks.com\/about\/#breadcrumb\",\"itemListElement\":[{\"@type\":\"ListItem\",\"position\":1,\"name\":\"Home\",\"item\":\"https:\/\/capsulehouseworks.com\/\"},{\"@type\":\"ListItem\",\"position\":2,\"name\":\"About\"}]},{\"@type\":\"WebSite\",\"@id\":\"https:\/\/capsulehouseworks.com\/#website\",\"url\":\"https:\/\/capsulehouseworks.com\/\",\"name\":\"Capsule House Works\",\"description\":\"The Premium Capsule House Manufacturer\",\"potentialAction\":[{\"@type\":\"SearchAction\",\"target\":{\"@type\":\"EntryPoint\",\"urlTemplate\":\"https:\/\/capsulehouseworks.com\/?s={search_term_string}\"},\"query-input\":\"required name=search_term_string\"}],\"inLanguage\":\"es\"}]}<\/script>\n<!-- \/ Yoast SEO plugin. -->","yoast_head_json":{"title":"Acerca de - Capsule House Works","robots":{"index":"noindex","follow":"follow","max-snippet":"max-snippet:-1","max-image-preview":"max-image-preview:large","max-video-preview":"max-video-preview:-1"},"og_locale":"es_ES","og_type":"article","og_title":"About - Capsule House Works","og_url":"https:\/\/capsulehouseworks.com\/es\/acerca-de\/","og_site_name":"Capsule House Works","article_modified_time":"2023-04-24T03:44:27+00:00","twitter_card":"summary_large_image","twitter_misc":{"Tiempo de lectura":"4 minutos"},"schema":{"@context":"https:\/\/schema.org","@graph":[{"@type":"WebPage","@id":"https:\/\/capsulehouseworks.com\/about\/","url":"https:\/\/capsulehouseworks.com\/about\/","name":"Acerca de - Capsule House Works","isPartOf":{"@id":"https:\/\/capsulehouseworks.com\/#website"},"datePublished":"2023-03-05T10:39:43+00:00","dateModified":"2023-04-24T03:44:27+00:00","breadcrumb":{"@id":"https:\/\/capsulehouseworks.com\/about\/#breadcrumb"},"inLanguage":"es","potentialAction":[{"@type":"ReadAction","target":["https:\/\/capsulehouseworks.com\/about\/"]}]},{"@type":"BreadcrumbList","@id":"https:\/\/capsulehouseworks.com\/about\/#breadcrumb","itemListElement":[{"@type":"ListItem","position":1,"name":"Home","item":"https:\/\/capsulehouseworks.com\/"},{"@type":"ListItem","position":2,"name":"About"}]},{"@type":"WebSite","@id":"https:\/\/capsulehouseworks.com\/#website","url":"https:\/\/capsulehouseworks.com\/","name":"Obras de la Casa C\u00e1psula","description":"El fabricante premium de casas c\u00e1psula","potentialAction":[{"@type":"SearchAction","target":{"@type":"EntryPoint","urlTemplate":"https:\/\/capsulehouseworks.com\/?s={search_term_string}"},"query-input":"required name=search_term_string"}],"inLanguage":"es"}]}},"_links":{"self":[{"href":"https:\/\/capsulehouseworks.com\/es\/wp-json\/wp\/v2\/pages\/25","targetHints":{"allow":["GET"]}}],"collection":[{"href":"https:\/\/capsulehouseworks.com\/es\/wp-json\/wp\/v2\/pages"}],"about":[{"href":"https:\/\/capsulehouseworks.com\/es\/wp-json\/wp\/v2\/types\/page"}],"author":[{"embeddable":true,"href":"https:\/\/capsulehouseworks.com\/es\/wp-json\/wp\/v2\/users\/1"}],"replies":[{"embeddable":true,"href":"https:\/\/capsulehouseworks.com\/es\/wp-json\/wp\/v2\/comments?post=25"}],"version-history":[{"count":0,"href":"https:\/\/capsulehouseworks.com\/es\/wp-json\/wp\/v2\/pages\/25\/revisions"}],"wp:attachment":[{"href":"https:\/\/capsulehouseworks.com\/es\/wp-json\/wp\/v2\/media?parent=25"}],"curies":[{"name":"wp","href":"https:\/\/api.w.org\/{rel}","templated":true}]}}